{"id":1502,"date":"2023-01-07T12:48:43","date_gmt":"2023-01-07T13:48:43","guid":{"rendered":"https:\/\/ruralturazores.com\/termos-e-condicoes-de-reserva\/"},"modified":"2023-02-17T10:09:15","modified_gmt":"2023-02-17T11:09:15","slug":"termos-e-condicoes-de-reserva","status":"publish","type":"page","link":"https:\/\/ruralturazores.com\/pt-pt\/termos-e-condicoes-de-reserva\/","title":{"rendered":"Termos e Condi\u00e7\u00f5es de Reserva"},"content":{"rendered":"<div class=\"wpb-content-wrapper\"><p>[vc_row][vc_column][vc_column_text]RURALTUR, Gest\u00e3o de Empreendimentos Tur\u00edsticos Lda.<\/p>\n<p>CASAS D\u2019ARRAMADA<\/p>\n<p>Ribeira Funda Cedros<\/p>\n<p>9900-347 Cedros Horta \u2013 Faial A\u00e7ores<\/p>\n<p>M\u00f3vel: +351 964049336 \/ +351 962582794<\/p>\n<p>Email: info@ruralturazores.com<\/p>\n<p>&nbsp;<\/p>\n<p><strong>CONDI\u00c7\u00d5ES DE RESERVA E CANCELAMENTO<\/strong><\/p>\n<p><strong>CHECK-IN \/ CHECK-OUT<\/strong><\/p>\n<p>Check-in das 14h \u00e0s 21h*<\/p>\n<p>Check-out at\u00e9 \u00e0s 11h*<\/p>\n<p>*Check-in tardio \u00e9 poss\u00edvel mediante aviso pr\u00e9vi<\/p>\n<p>Certifique-se que contata as CASAS D\u2019ARRAMADA para confirmar a sua hora de chegada.<\/p>\n<p>Estadia minima 2 noites.<\/p>\n<p>&nbsp;<\/p>\n<p><strong>Altera\u00e7\u00f5es \u00e0 reserva<\/strong><\/p>\n<p>Os pedidos para altera\u00e7\u00f5es \u00e0 reserva podem ser solicitados diretamente por email, est\u00e3o sujeitos \u00e0 disponibilidade existente<\/p>\n<p><strong>Pr\u00e9-pagamento<\/strong><\/p>\n<p>Solicita-se um pr\u00e9-pagamento de 30% do valor total da reserva, o restante \u00e9 pago \u00e0 chegada na propriedade.<\/p>\n<p><strong>Cancelamento<\/strong><\/p>\n<p>Tem um custo de 30%, o pre-pagamento n\u00e3o ser\u00e1 devolvido.<\/p>\n<p><strong>Informa\u00e7\u00f5es extras das Casas D\u2019Arramada<\/strong><\/p>\n<p><strong>Servi\u00e7os de rece\u00e7\u00e3o<\/strong><\/p>\n<ul>\n<li>Briefing no check-in;<\/li>\n<li>Apoio informativo durante a sua estadia;<\/li>\n<li>Fatura mediante pedido.<\/li>\n<\/ul>\n<p><strong>Comida e Bebida<\/strong><\/p>\n<ul>\n<li>Fruta;<\/li>\n<li>Garrafa de \u00e1gua;<\/li>\n<li>Comodidades para fazer ch\u00e1 e caf\u00e9.<\/li>\n<\/ul>\n<p><strong>Estacionamento<\/strong><\/p>\n<p>Estacionamento gratuito e privado dispon\u00edvel no local, n\u00e3o carece de reserva<\/p>\n<p><strong>Animais de estima\u00e7\u00e3o<\/strong><\/p>\n<p>Admitidos, mediante pedido. N\u00e3o disponibilizamos acomoda\u00e7\u00f5es e utens\u00edlios para o seu animal de estima\u00e7\u00e3o.<\/p>\n<p><strong>Servi\u00e7os de limpeza<\/strong><\/p>\n<p>Os len\u00e7\u00f3is e toalhas s\u00e3o trocados a cada 4 dias, ou mediante pedido do cliente.<\/p>\n<p>As casas s\u00e3o utilizadas com total independ\u00eancia pelos h\u00f3spedes.<\/p>\n<p><strong>Lavandaria<\/strong><\/p>\n<p>Lavandaria \u2013 Self-service, com m\u00e1quina de lavar e secar roupa e ferro engomar.<\/p>\n<p><strong>Refei\u00e7\u00f5es<\/strong><\/p>\n<ul>\n<li>N\u00e3o s\u00e3o servidos pequenos-almo\u00e7os, almo\u00e7os e jantares.<\/li>\n<\/ul>\n<p><strong>Conduta e Danos <\/strong><\/p>\n<p>Cuide da sua estadia e acomoda\u00e7\u00e3o. O Cliente \u00e9 respons\u00e1vel por eventuais quebras ou danos causados durante a sua estadia.<\/p>\n<p><strong>Responsabilidade<\/strong><\/p>\n<p>A responsabilidade por perdas ou danos pessoais s\u00e3o da responsabilidade do Cliente, a menos que sejam causados por causas diretamente imputadas as Casas D\u2019Arramada.[\/vc_column_text][\/vc_column][\/vc_row]<\/p>\n<\/div>","protected":false},"excerpt":{"rendered":"<p>[vc_row][vc_column][vc_column_text]RURALTUR, Gest\u00e3o de Empreendimentos Tur\u00edsticos Lda. CASAS D\u2019ARRAMADA Ribeira Funda Cedros 9900-347 Cedros Horta \u2013 Faial A\u00e7ores M\u00f3vel: +351 964049336 \/ +351 962582794 Email: info@ruralturazores.com &nbsp; CONDI\u00c7\u00d5ES DE RESERVA E CANCELAMENTO CHECK-IN \/ CHECK-OUT Check-in das 14h \u00e0s 21h* Check-out at\u00e9 \u00e0s 11h* *Check-in tardio \u00e9 poss\u00edvel mediante aviso pr\u00e9vi Certifique-se que contata as CASAS<\/p>\n<a href=\"https:\/\/ruralturazores.com\/pt-pt\/termos-e-condicoes-de-reserva\/\" class=\"sohohotel-more-link\">Read More<\/a>","protected":false},"author":1,"featured_media":1285,"parent":0,"menu_order":0,"comment_status":"closed","ping_status":"closed","template":"","meta":{"footnotes":""},"class_list":["post-1502","page","type-page","status-publish","has-post-thumbnail","hentry"],"yoast_head":"<!-- This site is optimized with the Yoast SEO plugin v27.5 - https:\/\/yoast.com\/product\/yoast-seo-wordpress\/ -->\n<title>Termos e Condi\u00e7\u00f5es de Reserva - Casas Darramada<\/title>\n<meta name=\"robots\" content=\"index, follow, max-snippet:-1, max-image-preview:large, max-video-preview:-1\" \/>\n<link rel=\"canonical\" href=\"https:\/\/ruralturazores.com\/pt-pt\/termos-e-condicoes-de-reserva\/\" \/>\n<meta property=\"og:locale\" content=\"pt_PT\" \/>\n<meta property=\"og:type\" content=\"article\" \/>\n<meta property=\"og:title\" content=\"Termos e Condi\u00e7\u00f5es de Reserva - Casas Darramada\" \/>\n<meta property=\"og:description\" content=\"[vc_row][vc_column][vc_column_text]RURALTUR, Gest\u00e3o de Empreendimentos Tur\u00edsticos Lda. CASAS D\u2019ARRAMADA Ribeira Funda Cedros 9900-347 Cedros Horta \u2013 Faial A\u00e7ores M\u00f3vel: +351 964049336 \/ +351 962582794 Email: info@ruralturazores.com &nbsp; CONDI\u00c7\u00d5ES DE RESERVA E CANCELAMENTO CHECK-IN \/ CHECK-OUT Check-in das 14h \u00e0s 21h* Check-out at\u00e9 \u00e0s 11h* *Check-in tardio \u00e9 poss\u00edvel mediante aviso pr\u00e9vi Certifique-se que contata as CASAS\" \/>\n<meta property=\"og:url\" content=\"https:\/\/ruralturazores.com\/pt-pt\/termos-e-condicoes-de-reserva\/\" \/>\n<meta property=\"og:site_name\" content=\"Casas Darramada\" \/>\n<meta property=\"article:publisher\" content=\"https:\/\/www.facebook.com\/casasdarramada\" \/>\n<meta property=\"article:modified_time\" content=\"2023-02-17T11:09:15+00:00\" \/>\n<meta property=\"og:image\" content=\"https:\/\/ruralturazores.com\/wp-content\/uploads\/2023\/01\/header-contatos.jpg\" \/>\n\t<meta property=\"og:image:width\" content=\"1902\" \/>\n\t<meta property=\"og:image:height\" content=\"399\" \/>\n\t<meta property=\"og:image:type\" content=\"image\/jpeg\" \/>\n<meta name=\"twitter:card\" content=\"summary_large_image\" \/>\n<meta name=\"twitter:label1\" content=\"Tempo estimado de leitura\" \/>\n\t<meta name=\"twitter:data1\" content=\"2 minutos\" \/>\n<script type=\"application\/ld+json\" class=\"yoast-schema-graph\">{\"@context\":\"https:\\\/\\\/schema.org\",\"@graph\":[{\"@type\":\"WebPage\",\"@id\":\"https:\\\/\\\/ruralturazores.com\\\/pt-pt\\\/termos-e-condicoes-de-reserva\\\/\",\"url\":\"https:\\\/\\\/ruralturazores.com\\\/pt-pt\\\/termos-e-condicoes-de-reserva\\\/\",\"name\":\"Termos e Condi\u00e7\u00f5es de Reserva - Casas Darramada\",\"isPartOf\":{\"@id\":\"https:\\\/\\\/ruralturazores.com\\\/pt-pt\\\/#website\"},\"primaryImageOfPage\":{\"@id\":\"https:\\\/\\\/ruralturazores.com\\\/pt-pt\\\/termos-e-condicoes-de-reserva\\\/#primaryimage\"},\"image\":{\"@id\":\"https:\\\/\\\/ruralturazores.com\\\/pt-pt\\\/termos-e-condicoes-de-reserva\\\/#primaryimage\"},\"thumbnailUrl\":\"https:\\\/\\\/ruralturazores.com\\\/wp-content\\\/uploads\\\/2023\\\/01\\\/header-contatos.jpg\",\"datePublished\":\"2023-01-07T13:48:43+00:00\",\"dateModified\":\"2023-02-17T11:09:15+00:00\",\"breadcrumb\":{\"@id\":\"https:\\\/\\\/ruralturazores.com\\\/pt-pt\\\/termos-e-condicoes-de-reserva\\\/#breadcrumb\"},\"inLanguage\":\"pt-PT\",\"potentialAction\":[{\"@type\":\"ReadAction\",\"target\":[\"https:\\\/\\\/ruralturazores.com\\\/pt-pt\\\/termos-e-condicoes-de-reserva\\\/\"]}]},{\"@type\":\"ImageObject\",\"inLanguage\":\"pt-PT\",\"@id\":\"https:\\\/\\\/ruralturazores.com\\\/pt-pt\\\/termos-e-condicoes-de-reserva\\\/#primaryimage\",\"url\":\"https:\\\/\\\/ruralturazores.com\\\/wp-content\\\/uploads\\\/2023\\\/01\\\/header-contatos.jpg\",\"contentUrl\":\"https:\\\/\\\/ruralturazores.com\\\/wp-content\\\/uploads\\\/2023\\\/01\\\/header-contatos.jpg\",\"width\":1902,\"height\":399},{\"@type\":\"BreadcrumbList\",\"@id\":\"https:\\\/\\\/ruralturazores.com\\\/pt-pt\\\/termos-e-condicoes-de-reserva\\\/#breadcrumb\",\"itemListElement\":[{\"@type\":\"ListItem\",\"position\":1,\"name\":\"Home\",\"item\":\"https:\\\/\\\/ruralturazores.com\\\/pt-pt\\\/\"},{\"@type\":\"ListItem\",\"position\":2,\"name\":\"Termos e Condi\u00e7\u00f5es de Reserva\"}]},{\"@type\":\"WebSite\",\"@id\":\"https:\\\/\\\/ruralturazores.com\\\/pt-pt\\\/#website\",\"url\":\"https:\\\/\\\/ruralturazores.com\\\/pt-pt\\\/\",\"name\":\"Casas Darramada - Village Tourism\",\"description\":\"Turismo em Espa\u00e7o Rural\",\"publisher\":{\"@id\":\"https:\\\/\\\/ruralturazores.com\\\/pt-pt\\\/#organization\"},\"potentialAction\":[{\"@type\":\"SearchAction\",\"target\":{\"@type\":\"EntryPoint\",\"urlTemplate\":\"https:\\\/\\\/ruralturazores.com\\\/pt-pt\\\/?s={search_term_string}\"},\"query-input\":{\"@type\":\"PropertyValueSpecification\",\"valueRequired\":true,\"valueName\":\"search_term_string\"}}],\"inLanguage\":\"pt-PT\"},{\"@type\":\"Organization\",\"@id\":\"https:\\\/\\\/ruralturazores.com\\\/pt-pt\\\/#organization\",\"name\":\"Casas Darramada - Village Tourism\",\"url\":\"https:\\\/\\\/ruralturazores.com\\\/pt-pt\\\/\",\"logo\":{\"@type\":\"ImageObject\",\"inLanguage\":\"pt-PT\",\"@id\":\"https:\\\/\\\/ruralturazores.com\\\/pt-pt\\\/#\\\/schema\\\/logo\\\/image\\\/\",\"url\":\"https:\\\/\\\/ruralturazores.com\\\/wp-content\\\/uploads\\\/2022\\\/12\\\/cinza-logo.png\",\"contentUrl\":\"https:\\\/\\\/ruralturazores.com\\\/wp-content\\\/uploads\\\/2022\\\/12\\\/cinza-logo.png\",\"width\":135,\"height\":80,\"caption\":\"Casas Darramada - Village Tourism\"},\"image\":{\"@id\":\"https:\\\/\\\/ruralturazores.com\\\/pt-pt\\\/#\\\/schema\\\/logo\\\/image\\\/\"},\"sameAs\":[\"https:\\\/\\\/www.facebook.com\\\/casasdarramada\",\"https:\\\/\\\/www.instagram.com\\\/casasdarramada\\\/\"]}]}<\/script>\n<!-- \/ Yoast SEO plugin. -->","yoast_head_json":{"title":"Termos e Condi\u00e7\u00f5es de Reserva - Casas Darramada","robots":{"index":"index","follow":"follow","max-snippet":"max-snippet:-1","max-image-preview":"max-image-preview:large","max-video-preview":"max-video-preview:-1"},"canonical":"https:\/\/ruralturazores.com\/pt-pt\/termos-e-condicoes-de-reserva\/","og_locale":"pt_PT","og_type":"article","og_title":"Termos e Condi\u00e7\u00f5es de Reserva - Casas Darramada","og_description":"[vc_row][vc_column][vc_column_text]RURALTUR, Gest\u00e3o de Empreendimentos Tur\u00edsticos Lda. CASAS D\u2019ARRAMADA Ribeira Funda Cedros 9900-347 Cedros Horta \u2013 Faial A\u00e7ores M\u00f3vel: +351 964049336 \/ +351 962582794 Email: info@ruralturazores.com &nbsp; CONDI\u00c7\u00d5ES DE RESERVA E CANCELAMENTO CHECK-IN \/ CHECK-OUT Check-in das 14h \u00e0s 21h* Check-out at\u00e9 \u00e0s 11h* *Check-in tardio \u00e9 poss\u00edvel mediante aviso pr\u00e9vi Certifique-se que contata as CASAS","og_url":"https:\/\/ruralturazores.com\/pt-pt\/termos-e-condicoes-de-reserva\/","og_site_name":"Casas Darramada","article_publisher":"https:\/\/www.facebook.com\/casasdarramada","article_modified_time":"2023-02-17T11:09:15+00:00","og_image":[{"width":1902,"height":399,"url":"https:\/\/ruralturazores.com\/wp-content\/uploads\/2023\/01\/header-contatos.jpg","type":"image\/jpeg"}],"twitter_card":"summary_large_image","twitter_misc":{"Tempo estimado de leitura":"2 minutos"},"schema":{"@context":"https:\/\/schema.org","@graph":[{"@type":"WebPage","@id":"https:\/\/ruralturazores.com\/pt-pt\/termos-e-condicoes-de-reserva\/","url":"https:\/\/ruralturazores.com\/pt-pt\/termos-e-condicoes-de-reserva\/","name":"Termos e Condi\u00e7\u00f5es de Reserva - Casas Darramada","isPartOf":{"@id":"https:\/\/ruralturazores.com\/pt-pt\/#website"},"primaryImageOfPage":{"@id":"https:\/\/ruralturazores.com\/pt-pt\/termos-e-condicoes-de-reserva\/#primaryimage"},"image":{"@id":"https:\/\/ruralturazores.com\/pt-pt\/termos-e-condicoes-de-reserva\/#primaryimage"},"thumbnailUrl":"https:\/\/ruralturazores.com\/wp-content\/uploads\/2023\/01\/header-contatos.jpg","datePublished":"2023-01-07T13:48:43+00:00","dateModified":"2023-02-17T11:09:15+00:00","breadcrumb":{"@id":"https:\/\/ruralturazores.com\/pt-pt\/termos-e-condicoes-de-reserva\/#breadcrumb"},"inLanguage":"pt-PT","potentialAction":[{"@type":"ReadAction","target":["https:\/\/ruralturazores.com\/pt-pt\/termos-e-condicoes-de-reserva\/"]}]},{"@type":"ImageObject","inLanguage":"pt-PT","@id":"https:\/\/ruralturazores.com\/pt-pt\/termos-e-condicoes-de-reserva\/#primaryimage","url":"https:\/\/ruralturazores.com\/wp-content\/uploads\/2023\/01\/header-contatos.jpg","contentUrl":"https:\/\/ruralturazores.com\/wp-content\/uploads\/2023\/01\/header-contatos.jpg","width":1902,"height":399},{"@type":"BreadcrumbList","@id":"https:\/\/ruralturazores.com\/pt-pt\/termos-e-condicoes-de-reserva\/#breadcrumb","itemListElement":[{"@type":"ListItem","position":1,"name":"Home","item":"https:\/\/ruralturazores.com\/pt-pt\/"},{"@type":"ListItem","position":2,"name":"Termos e Condi\u00e7\u00f5es de Reserva"}]},{"@type":"WebSite","@id":"https:\/\/ruralturazores.com\/pt-pt\/#website","url":"https:\/\/ruralturazores.com\/pt-pt\/","name":"Casas Darramada - Village Tourism","description":"Turismo em Espa\u00e7o Rural","publisher":{"@id":"https:\/\/ruralturazores.com\/pt-pt\/#organization"},"potentialAction":[{"@type":"SearchAction","target":{"@type":"EntryPoint","urlTemplate":"https:\/\/ruralturazores.com\/pt-pt\/?s={search_term_string}"},"query-input":{"@type":"PropertyValueSpecification","valueRequired":true,"valueName":"search_term_string"}}],"inLanguage":"pt-PT"},{"@type":"Organization","@id":"https:\/\/ruralturazores.com\/pt-pt\/#organization","name":"Casas Darramada - Village Tourism","url":"https:\/\/ruralturazores.com\/pt-pt\/","logo":{"@type":"ImageObject","inLanguage":"pt-PT","@id":"https:\/\/ruralturazores.com\/pt-pt\/#\/schema\/logo\/image\/","url":"https:\/\/ruralturazores.com\/wp-content\/uploads\/2022\/12\/cinza-logo.png","contentUrl":"https:\/\/ruralturazores.com\/wp-content\/uploads\/2022\/12\/cinza-logo.png","width":135,"height":80,"caption":"Casas Darramada - Village Tourism"},"image":{"@id":"https:\/\/ruralturazores.com\/pt-pt\/#\/schema\/logo\/image\/"},"sameAs":["https:\/\/www.facebook.com\/casasdarramada","https:\/\/www.instagram.com\/casasdarramada\/"]}]}},"_links":{"self":[{"href":"https:\/\/ruralturazores.com\/pt-pt\/wp-json\/wp\/v2\/pages\/1502","targetHints":{"allow":["GET"]}}],"collection":[{"href":"https:\/\/ruralturazores.com\/pt-pt\/wp-json\/wp\/v2\/pages"}],"about":[{"href":"https:\/\/ruralturazores.com\/pt-pt\/wp-json\/wp\/v2\/types\/page"}],"author":[{"embeddable":true,"href":"https:\/\/ruralturazores.com\/pt-pt\/wp-json\/wp\/v2\/users\/1"}],"replies":[{"embeddable":true,"href":"https:\/\/ruralturazores.com\/pt-pt\/wp-json\/wp\/v2\/comments?post=1502"}],"version-history":[{"count":1,"href":"https:\/\/ruralturazores.com\/pt-pt\/wp-json\/wp\/v2\/pages\/1502\/revisions"}],"predecessor-version":[{"id":1503,"href":"https:\/\/ruralturazores.com\/pt-pt\/wp-json\/wp\/v2\/pages\/1502\/revisions\/1503"}],"wp:featuredmedia":[{"embeddable":true,"href":"https:\/\/ruralturazores.com\/pt-pt\/wp-json\/wp\/v2\/media\/1285"}],"wp:attachment":[{"href":"https:\/\/ruralturazores.com\/pt-pt\/wp-json\/wp\/v2\/media?parent=1502"}],"curies":[{"name":"wp","href":"https:\/\/api.w.org\/{rel}","templated":true}]}}