{"id":1490,"date":"2023-01-11T20:40:25","date_gmt":"2023-01-11T21:40:25","guid":{"rendered":"https:\/\/ruralturazores.com\/atafona-do-chico-t2\/"},"modified":"2023-03-03T20:57:41","modified_gmt":"2023-03-03T21:57:41","slug":"atafona-do-chico-t2","status":"publish","type":"page","link":"https:\/\/ruralturazores.com\/pt-pt\/atafona-do-chico-t2\/","title":{"rendered":"Atafona do Chico \u2013 T2"},"content":{"rendered":"<div class=\"wpb-content-wrapper\"><p>[vc_row][vc_column][vc_empty_space height=&#8221;30px&#8221;]<h3 class=\"sohohotel-title-25px sohohotel-clearfix sohohotel-title-left\">Atafona do Chico \u2013 T2<\/h3>[\/vc_column][\/vc_row][vc_row][vc_column width=&#8221;2\/3&#8243;][vc_wp_text]<div id=\"jig1\" class=\"justified-image-grid jig-9738133d25cc568882cd189b6d8b6f59 jig-preset-11 jig-source-wp-gallery jig-id-1825\"><div class=\"jig-clearfix\"><\/div><noscript id=\"jig1-html\" class=\"justified-image-grid-html\" data-lazy-src=\"skiplazyload\" data-src=\"skipunveillazyload\"><ul><li><a href=\"https:\/\/ruralturazores.com\/wp-content\/uploads\/2023\/03\/20210707-113651-scaled-1.jpg\"><img decoding=\"async\" src=\"https:\/\/ruralturazores.com\/wp-content\/plugins\/justified-image-grid\/timthumb.php?src=https%3A%2F%2Fruralturazores.com%2Fwp-content%2Fuploads%2F2023%2F03%2F20210707-113651-scaled-1.jpg&amp;h=230&amp;w=307&amp;q=90&amp;f=.jpg\" alt=\"\" width=\"307\" height=\"230\" \/><\/a><\/li><li><a href=\"https:\/\/ruralturazores.com\/wp-content\/uploads\/2023\/01\/20210707-174516-scaled-1.jpg\"><img decoding=\"async\" src=\"https:\/\/ruralturazores.com\/wp-content\/plugins\/justified-image-grid\/timthumb.php?src=https%3A%2F%2Fruralturazores.com%2Fwp-content%2Fuploads%2F2023%2F01%2F20210707-174516-scaled-1.jpg&amp;h=230&amp;w=307&amp;q=90&amp;f=.jpg\" alt=\"\" width=\"307\" height=\"230\" \/><\/a><\/li><li><a href=\"https:\/\/ruralturazores.com\/wp-content\/uploads\/2023\/03\/20210707-125829-scaled-1.jpg\"><img decoding=\"async\" src=\"https:\/\/ruralturazores.com\/wp-content\/plugins\/justified-image-grid\/timthumb.php?src=https%3A%2F%2Fruralturazores.com%2Fwp-content%2Fuploads%2F2023%2F03%2F20210707-125829-scaled-1.jpg&amp;h=230&amp;w=307&amp;q=90&amp;f=.jpg\" alt=\"\" width=\"307\" height=\"230\" \/><\/a><\/li><li><a href=\"https:\/\/ruralturazores.com\/wp-content\/uploads\/2023\/02\/20210707-125556-1-scaled-1.jpg\"><img decoding=\"async\" src=\"https:\/\/ruralturazores.com\/wp-content\/plugins\/justified-image-grid\/timthumb.php?src=https%3A%2F%2Fruralturazores.com%2Fwp-content%2Fuploads%2F2023%2F02%2F20210707-125556-1-scaled-1.jpg&amp;h=230&amp;w=307&amp;q=90&amp;f=.jpg\" alt=\"\" width=\"307\" height=\"230\" \/><\/a><\/li><li><a href=\"https:\/\/ruralturazores.com\/wp-content\/uploads\/2023\/03\/20210707-124452-scaled-1.jpg\"><img decoding=\"async\" src=\"https:\/\/ruralturazores.com\/wp-content\/plugins\/justified-image-grid\/timthumb.php?src=https%3A%2F%2Fruralturazores.com%2Fwp-content%2Fuploads%2F2023%2F03%2F20210707-124452-scaled-1.jpg&amp;h=230&amp;w=307&amp;q=90&amp;f=.jpg\" alt=\"\" width=\"307\" height=\"230\" \/><\/a><\/li><li><a href=\"https:\/\/ruralturazores.com\/wp-content\/uploads\/2023\/03\/20210707-124517-scaled-1.jpg\"><img decoding=\"async\" src=\"https:\/\/ruralturazores.com\/wp-content\/plugins\/justified-image-grid\/timthumb.php?src=https%3A%2F%2Fruralturazores.com%2Fwp-content%2Fuploads%2F2023%2F03%2F20210707-124517-scaled-1.jpg&amp;h=230&amp;w=307&amp;q=90&amp;f=.jpg\" alt=\"\" width=\"307\" height=\"230\" \/><\/a><\/li><li><a href=\"https:\/\/ruralturazores.com\/wp-content\/uploads\/2023\/03\/20210707-125026-scaled-1.jpg\"><img decoding=\"async\" src=\"https:\/\/ruralturazores.com\/wp-content\/plugins\/justified-image-grid\/timthumb.php?src=https%3A%2F%2Fruralturazores.com%2Fwp-content%2Fuploads%2F2023%2F03%2F20210707-125026-scaled-1.jpg&amp;h=230&amp;w=307&amp;q=90&amp;f=.jpg\" alt=\"\" width=\"307\" height=\"230\" \/><\/a><\/li><li><a href=\"https:\/\/ruralturazores.com\/wp-content\/uploads\/2022\/12\/dji-0009-scaled-1.jpg\"><img decoding=\"async\" src=\"https:\/\/ruralturazores.com\/wp-content\/plugins\/justified-image-grid\/timthumb.php?src=https%3A%2F%2Fruralturazores.com%2Fwp-content%2Fuploads%2F2022%2F12%2Fdji-0009-scaled-1.jpg&amp;h=230&amp;w=307&amp;q=90&amp;f=.jpg\" alt=\"\" width=\"307\" height=\"230\" \/><\/a><\/li><li><a href=\"https:\/\/ruralturazores.com\/wp-content\/uploads\/2023\/01\/4-scaled-1.jpg\"><img decoding=\"async\" src=\"https:\/\/ruralturazores.com\/wp-content\/plugins\/justified-image-grid\/timthumb.php?src=https%3A%2F%2Fruralturazores.com%2Fwp-content%2Fuploads%2F2023%2F01%2F4-scaled-1.jpg&amp;h=230&amp;w=307&amp;q=90&amp;f=.jpg\" alt=\"\" width=\"307\" height=\"230\" \/><\/a><\/li><\/ul><\/noscript><\/div>[\/vc_wp_text][vc_empty_space height=&#8221;20px&#8221;][vc_column_text]Antigo abrigo dos animais de trabalho utilizados na agricultura tradicional e local de recolha de alimentos secos.<\/p>\n<p>Mant\u00e9m a sua arquitetura exterior, o seu interior est\u00e1 revestido em madeira de criptom\u00e9ria local com um estilo r\u00fastico e acolhedor, decorada com alfaias agr\u00edcolas utilizadas pelos seus antepassados.<\/p>\n<p>Terra\u00e7o privado e mobiliado com barbecue a carv\u00e3o.<\/p>\n<p>\u00c9 uma casa de 2 pisos espa\u00e7osa e luminosa.<\/p>\n<p>[\/vc_column_text]<h3 class=\"sohohotel-title-20px sohohotel-clearfix sohohotel-title-left\">Capacidade:<\/h3>[vc_wp_text]<\/p>\n<div class=\"col-md-9\">\n<ul class=\"comodidades_list\">\n<li>Pessoas: 4<\/li>\n<li>Quartos: 2<\/li>\n<li>Camas: 3<\/li>\n<li>\u00c1rea da Casa: 100\u33a1 &#8211; 2 pisos<\/li>\n<\/ul>\n<\/div>\n<p>[\/vc_wp_text]<h3 class=\"sohohotel-title-20px sohohotel-clearfix sohohotel-title-left\">Tarifas por \u00c9poca:<\/h3>[vc_wp_text][\/vc_wp_text][vc_wp_text]<\/p>\n<p>[\/vc_wp_text][\/vc_column][vc_column width=&#8221;1\/3&#8243;][vc_wp_text]<\/p>\n<p style=\"text-align: left;\"><\/p>\n<p>[\/vc_wp_text]<a href=\"https:\/\/ruralturazores.com\/pt-pt\/houses\/\" class=\"sohohotel-button1\" style=\"background: ;color:;margin: 0 auto 0 auto;\">Listar mais Casas<\/a><div class=\"sohohotel-clearboth\"><\/div>[vc_empty_space height=&#8221;30px&#8221;]<h3 class=\"sohohotel-title-20px sohohotel-clearfix sohohotel-title-left\">Comodidades:<\/h3>[vc_column_text]<\/p>\n<ul>\n<li>2 camas de solteiro<\/li>\n<li>1 camas de casal<\/li>\n<li>1 Quarto de banho privado<\/li>\n<li>Sala e kitchenette equipada<\/li>\n<li>WiFi Internet e TV<\/li>\n<li>Terra\u00e7o com grelhador privativo<\/li>\n<\/ul>\n<p>[\/vc_column_text]<h3 class=\"sohohotel-title-20px sohohotel-clearfix sohohotel-title-left\">Facilidades:<\/h3>[vc_row_inner][vc_column_inner width=&#8221;1\/4&#8243;][vc_single_image image=&#8221;1266&#8243; img_size=&#8221;full&#8221;][\/vc_column_inner][vc_column_inner width=&#8221;3\/4&#8243;][vc_column_text]Roupas de cama e Toalhas[\/vc_column_text][\/vc_column_inner][\/vc_row_inner][vc_row_inner][vc_column_inner width=&#8221;1\/4&#8243;][vc_single_image image=&#8221;1267&#8243; img_size=&#8221;full&#8221;][\/vc_column_inner][vc_column_inner width=&#8221;3\/4&#8243;][vc_column_text]Churrasco de jardim a carv\u00e3o[\/vc_column_text][\/vc_column_inner][\/vc_row_inner][vc_row_inner][vc_column_inner width=&#8221;1\/4&#8243;][vc_single_image image=&#8221;1269&#8243; img_size=&#8221;full&#8221;][\/vc_column_inner][vc_column_inner width=&#8221;3\/4&#8243;][vc_column_text]Secador de Cabelo[\/vc_column_text][\/vc_column_inner][\/vc_row_inner][vc_row_inner][vc_column_inner width=&#8221;1\/4&#8243;][vc_single_image image=&#8221;1271&#8243; img_size=&#8221;full&#8221;][\/vc_column_inner][vc_column_inner width=&#8221;3\/4&#8243;][vc_column_text]Internet[\/vc_column_text][\/vc_column_inner][\/vc_row_inner][vc_row_inner][vc_column_inner width=&#8221;1\/4&#8243;][vc_single_image image=&#8221;1272&#8243; img_size=&#8221;full&#8221;][\/vc_column_inner][vc_column_inner width=&#8221;3\/4&#8243;][vc_column_text]Lavandaria[\/vc_column_text][\/vc_column_inner][\/vc_row_inner][vc_row_inner][vc_column_inner width=&#8221;1\/4&#8243;][vc_single_image image=&#8221;1346&#8243; img_size=&#8221;full&#8221;][\/vc_column_inner][vc_column_inner width=&#8221;3\/4&#8243;][vc_column_text]Lareira[\/vc_column_text][\/vc_column_inner][\/vc_row_inner][vc_row_inner][vc_column_inner width=&#8221;1\/4&#8243;][vc_single_image image=&#8221;1270&#8243; img_size=&#8221;full&#8221;][\/vc_column_inner][vc_column_inner width=&#8221;3\/4&#8243;][vc_column_text]TV[\/vc_column_text][\/vc_column_inner][\/vc_row_inner][\/vc_column][\/vc_row]<\/p>\n<\/div>","protected":false},"excerpt":{"rendered":"<p>[vc_row][vc_column][vc_empty_space height=&#8221;30px&#8221;][\/vc_column][\/vc_row][vc_row][vc_column width=&#8221;2\/3&#8243;][vc_wp_text][\/vc_wp_text][vc_empty_space height=&#8221;20px&#8221;][vc_column_text]Antigo abrigo dos animais de trabalho utilizados na agricultura tradicional e local de recolha de alimentos secos. Mant\u00e9m a sua arquitetura exterior, o seu interior est\u00e1 revestido em madeira de criptom\u00e9ria local com um estilo r\u00fastico e acolhedor, decorada com alfaias agr\u00edcolas utilizadas pelos seus antepassados. Terra\u00e7o privado e mobiliado com barbecue<\/p>\n<a href=\"https:\/\/ruralturazores.com\/pt-pt\/atafona-do-chico-t2\/\" class=\"sohohotel-more-link\">Read More<\/a>","protected":false},"author":1,"featured_media":1360,"parent":0,"menu_order":0,"comment_status":"closed","ping_status":"closed","template":"","meta":{"footnotes":""},"class_list":["post-1490","page","type-page","status-publish","has-post-thumbnail","hentry"],"yoast_head":"<!-- This site is optimized with the Yoast SEO plugin v27.4 - https:\/\/yoast.com\/product\/yoast-seo-wordpress\/ -->\n<title>Atafona do Chico \u2013 T2 - Casas Darramada<\/title>\n<meta name=\"robots\" content=\"index, follow, max-snippet:-1, max-image-preview:large, max-video-preview:-1\" \/>\n<link rel=\"canonical\" href=\"https:\/\/ruralturazores.com\/pt-pt\/atafona-do-chico-t2\/\" \/>\n<meta property=\"og:locale\" content=\"pt_PT\" \/>\n<meta property=\"og:type\" content=\"article\" \/>\n<meta property=\"og:title\" content=\"Atafona do Chico \u2013 T2 - Casas Darramada\" \/>\n<meta property=\"og:description\" content=\"[vc_row][vc_column][vc_empty_space height=&#8221;30px&#8221;][\/vc_column][\/vc_row][vc_row][vc_column width=&#8221;2\/3&#8243;][vc_wp_text][\/vc_wp_text][vc_empty_space height=&#8221;20px&#8221;][vc_column_text]Antigo abrigo dos animais de trabalho utilizados na agricultura tradicional e local de recolha de alimentos secos. Mant\u00e9m a sua arquitetura exterior, o seu interior est\u00e1 revestido em madeira de criptom\u00e9ria local com um estilo r\u00fastico e acolhedor, decorada com alfaias agr\u00edcolas utilizadas pelos seus antepassados. Terra\u00e7o privado e mobiliado com barbecue\" \/>\n<meta property=\"og:url\" content=\"https:\/\/ruralturazores.com\/pt-pt\/atafona-do-chico-t2\/\" \/>\n<meta property=\"og:site_name\" content=\"Casas Darramada\" \/>\n<meta property=\"article:publisher\" content=\"https:\/\/www.facebook.com\/casasdarramada\" \/>\n<meta property=\"article:modified_time\" content=\"2023-03-03T21:57:41+00:00\" \/>\n<meta property=\"og:image\" content=\"https:\/\/ruralturazores.com\/wp-content\/uploads\/2023\/01\/header-atafona-do-chico.jpg\" \/>\n\t<meta property=\"og:image:width\" content=\"1902\" \/>\n\t<meta property=\"og:image:height\" content=\"399\" \/>\n\t<meta property=\"og:image:type\" content=\"image\/jpeg\" \/>\n<meta name=\"twitter:card\" content=\"summary_large_image\" \/>\n<meta name=\"twitter:label1\" content=\"Tempo estimado de leitura\" \/>\n\t<meta name=\"twitter:data1\" content=\"1 minuto\" \/>\n<script type=\"application\/ld+json\" class=\"yoast-schema-graph\">{\"@context\":\"https:\\\/\\\/schema.org\",\"@graph\":[{\"@type\":\"WebPage\",\"@id\":\"https:\\\/\\\/ruralturazores.com\\\/pt-pt\\\/atafona-do-chico-t2\\\/\",\"url\":\"https:\\\/\\\/ruralturazores.com\\\/pt-pt\\\/atafona-do-chico-t2\\\/\",\"name\":\"Atafona do Chico \u2013 T2 - Casas Darramada\",\"isPartOf\":{\"@id\":\"https:\\\/\\\/ruralturazores.com\\\/pt-pt\\\/#website\"},\"primaryImageOfPage\":{\"@id\":\"https:\\\/\\\/ruralturazores.com\\\/pt-pt\\\/atafona-do-chico-t2\\\/#primaryimage\"},\"image\":{\"@id\":\"https:\\\/\\\/ruralturazores.com\\\/pt-pt\\\/atafona-do-chico-t2\\\/#primaryimage\"},\"thumbnailUrl\":\"https:\\\/\\\/ruralturazores.com\\\/wp-content\\\/uploads\\\/2023\\\/01\\\/header-atafona-do-chico.jpg\",\"datePublished\":\"2023-01-11T21:40:25+00:00\",\"dateModified\":\"2023-03-03T21:57:41+00:00\",\"breadcrumb\":{\"@id\":\"https:\\\/\\\/ruralturazores.com\\\/pt-pt\\\/atafona-do-chico-t2\\\/#breadcrumb\"},\"inLanguage\":\"pt-PT\",\"potentialAction\":[{\"@type\":\"ReadAction\",\"target\":[\"https:\\\/\\\/ruralturazores.com\\\/pt-pt\\\/atafona-do-chico-t2\\\/\"]}]},{\"@type\":\"ImageObject\",\"inLanguage\":\"pt-PT\",\"@id\":\"https:\\\/\\\/ruralturazores.com\\\/pt-pt\\\/atafona-do-chico-t2\\\/#primaryimage\",\"url\":\"https:\\\/\\\/ruralturazores.com\\\/wp-content\\\/uploads\\\/2023\\\/01\\\/header-atafona-do-chico.jpg\",\"contentUrl\":\"https:\\\/\\\/ruralturazores.com\\\/wp-content\\\/uploads\\\/2023\\\/01\\\/header-atafona-do-chico.jpg\",\"width\":1902,\"height\":399},{\"@type\":\"BreadcrumbList\",\"@id\":\"https:\\\/\\\/ruralturazores.com\\\/pt-pt\\\/atafona-do-chico-t2\\\/#breadcrumb\",\"itemListElement\":[{\"@type\":\"ListItem\",\"position\":1,\"name\":\"Home\",\"item\":\"https:\\\/\\\/ruralturazores.com\\\/pt-pt\\\/\"},{\"@type\":\"ListItem\",\"position\":2,\"name\":\"Atafona do Chico \u2013 T2\"}]},{\"@type\":\"WebSite\",\"@id\":\"https:\\\/\\\/ruralturazores.com\\\/pt-pt\\\/#website\",\"url\":\"https:\\\/\\\/ruralturazores.com\\\/pt-pt\\\/\",\"name\":\"Casas Darramada - Village Tourism\",\"description\":\"Turismo em Espa\u00e7o Rural\",\"publisher\":{\"@id\":\"https:\\\/\\\/ruralturazores.com\\\/pt-pt\\\/#organization\"},\"potentialAction\":[{\"@type\":\"SearchAction\",\"target\":{\"@type\":\"EntryPoint\",\"urlTemplate\":\"https:\\\/\\\/ruralturazores.com\\\/pt-pt\\\/?s={search_term_string}\"},\"query-input\":{\"@type\":\"PropertyValueSpecification\",\"valueRequired\":true,\"valueName\":\"search_term_string\"}}],\"inLanguage\":\"pt-PT\"},{\"@type\":\"Organization\",\"@id\":\"https:\\\/\\\/ruralturazores.com\\\/pt-pt\\\/#organization\",\"name\":\"Casas Darramada - Village Tourism\",\"url\":\"https:\\\/\\\/ruralturazores.com\\\/pt-pt\\\/\",\"logo\":{\"@type\":\"ImageObject\",\"inLanguage\":\"pt-PT\",\"@id\":\"https:\\\/\\\/ruralturazores.com\\\/pt-pt\\\/#\\\/schema\\\/logo\\\/image\\\/\",\"url\":\"https:\\\/\\\/ruralturazores.com\\\/wp-content\\\/uploads\\\/2022\\\/12\\\/cinza-logo.png\",\"contentUrl\":\"https:\\\/\\\/ruralturazores.com\\\/wp-content\\\/uploads\\\/2022\\\/12\\\/cinza-logo.png\",\"width\":135,\"height\":80,\"caption\":\"Casas Darramada - Village Tourism\"},\"image\":{\"@id\":\"https:\\\/\\\/ruralturazores.com\\\/pt-pt\\\/#\\\/schema\\\/logo\\\/image\\\/\"},\"sameAs\":[\"https:\\\/\\\/www.facebook.com\\\/casasdarramada\",\"https:\\\/\\\/www.instagram.com\\\/casasdarramada\\\/\"]}]}<\/script>\n<!-- \/ Yoast SEO plugin. -->","yoast_head_json":{"title":"Atafona do Chico \u2013 T2 - Casas Darramada","robots":{"index":"index","follow":"follow","max-snippet":"max-snippet:-1","max-image-preview":"max-image-preview:large","max-video-preview":"max-video-preview:-1"},"canonical":"https:\/\/ruralturazores.com\/pt-pt\/atafona-do-chico-t2\/","og_locale":"pt_PT","og_type":"article","og_title":"Atafona do Chico \u2013 T2 - Casas Darramada","og_description":"[vc_row][vc_column][vc_empty_space height=&#8221;30px&#8221;][\/vc_column][\/vc_row][vc_row][vc_column width=&#8221;2\/3&#8243;][vc_wp_text][\/vc_wp_text][vc_empty_space height=&#8221;20px&#8221;][vc_column_text]Antigo abrigo dos animais de trabalho utilizados na agricultura tradicional e local de recolha de alimentos secos. Mant\u00e9m a sua arquitetura exterior, o seu interior est\u00e1 revestido em madeira de criptom\u00e9ria local com um estilo r\u00fastico e acolhedor, decorada com alfaias agr\u00edcolas utilizadas pelos seus antepassados. Terra\u00e7o privado e mobiliado com barbecue","og_url":"https:\/\/ruralturazores.com\/pt-pt\/atafona-do-chico-t2\/","og_site_name":"Casas Darramada","article_publisher":"https:\/\/www.facebook.com\/casasdarramada","article_modified_time":"2023-03-03T21:57:41+00:00","og_image":[{"width":1902,"height":399,"url":"https:\/\/ruralturazores.com\/wp-content\/uploads\/2023\/01\/header-atafona-do-chico.jpg","type":"image\/jpeg"}],"twitter_card":"summary_large_image","twitter_misc":{"Tempo estimado de leitura":"1 minuto"},"schema":{"@context":"https:\/\/schema.org","@graph":[{"@type":"WebPage","@id":"https:\/\/ruralturazores.com\/pt-pt\/atafona-do-chico-t2\/","url":"https:\/\/ruralturazores.com\/pt-pt\/atafona-do-chico-t2\/","name":"Atafona do Chico \u2013 T2 - Casas Darramada","isPartOf":{"@id":"https:\/\/ruralturazores.com\/pt-pt\/#website"},"primaryImageOfPage":{"@id":"https:\/\/ruralturazores.com\/pt-pt\/atafona-do-chico-t2\/#primaryimage"},"image":{"@id":"https:\/\/ruralturazores.com\/pt-pt\/atafona-do-chico-t2\/#primaryimage"},"thumbnailUrl":"https:\/\/ruralturazores.com\/wp-content\/uploads\/2023\/01\/header-atafona-do-chico.jpg","datePublished":"2023-01-11T21:40:25+00:00","dateModified":"2023-03-03T21:57:41+00:00","breadcrumb":{"@id":"https:\/\/ruralturazores.com\/pt-pt\/atafona-do-chico-t2\/#breadcrumb"},"inLanguage":"pt-PT","potentialAction":[{"@type":"ReadAction","target":["https:\/\/ruralturazores.com\/pt-pt\/atafona-do-chico-t2\/"]}]},{"@type":"ImageObject","inLanguage":"pt-PT","@id":"https:\/\/ruralturazores.com\/pt-pt\/atafona-do-chico-t2\/#primaryimage","url":"https:\/\/ruralturazores.com\/wp-content\/uploads\/2023\/01\/header-atafona-do-chico.jpg","contentUrl":"https:\/\/ruralturazores.com\/wp-content\/uploads\/2023\/01\/header-atafona-do-chico.jpg","width":1902,"height":399},{"@type":"BreadcrumbList","@id":"https:\/\/ruralturazores.com\/pt-pt\/atafona-do-chico-t2\/#breadcrumb","itemListElement":[{"@type":"ListItem","position":1,"name":"Home","item":"https:\/\/ruralturazores.com\/pt-pt\/"},{"@type":"ListItem","position":2,"name":"Atafona do Chico \u2013 T2"}]},{"@type":"WebSite","@id":"https:\/\/ruralturazores.com\/pt-pt\/#website","url":"https:\/\/ruralturazores.com\/pt-pt\/","name":"Casas Darramada - Village Tourism","description":"Turismo em Espa\u00e7o Rural","publisher":{"@id":"https:\/\/ruralturazores.com\/pt-pt\/#organization"},"potentialAction":[{"@type":"SearchAction","target":{"@type":"EntryPoint","urlTemplate":"https:\/\/ruralturazores.com\/pt-pt\/?s={search_term_string}"},"query-input":{"@type":"PropertyValueSpecification","valueRequired":true,"valueName":"search_term_string"}}],"inLanguage":"pt-PT"},{"@type":"Organization","@id":"https:\/\/ruralturazores.com\/pt-pt\/#organization","name":"Casas Darramada - Village Tourism","url":"https:\/\/ruralturazores.com\/pt-pt\/","logo":{"@type":"ImageObject","inLanguage":"pt-PT","@id":"https:\/\/ruralturazores.com\/pt-pt\/#\/schema\/logo\/image\/","url":"https:\/\/ruralturazores.com\/wp-content\/uploads\/2022\/12\/cinza-logo.png","contentUrl":"https:\/\/ruralturazores.com\/wp-content\/uploads\/2022\/12\/cinza-logo.png","width":135,"height":80,"caption":"Casas Darramada - Village Tourism"},"image":{"@id":"https:\/\/ruralturazores.com\/pt-pt\/#\/schema\/logo\/image\/"},"sameAs":["https:\/\/www.facebook.com\/casasdarramada","https:\/\/www.instagram.com\/casasdarramada\/"]}]}},"_links":{"self":[{"href":"https:\/\/ruralturazores.com\/pt-pt\/wp-json\/wp\/v2\/pages\/1490","targetHints":{"allow":["GET"]}}],"collection":[{"href":"https:\/\/ruralturazores.com\/pt-pt\/wp-json\/wp\/v2\/pages"}],"about":[{"href":"https:\/\/ruralturazores.com\/pt-pt\/wp-json\/wp\/v2\/types\/page"}],"author":[{"embeddable":true,"href":"https:\/\/ruralturazores.com\/pt-pt\/wp-json\/wp\/v2\/users\/1"}],"replies":[{"embeddable":true,"href":"https:\/\/ruralturazores.com\/pt-pt\/wp-json\/wp\/v2\/comments?post=1490"}],"version-history":[{"count":12,"href":"https:\/\/ruralturazores.com\/pt-pt\/wp-json\/wp\/v2\/pages\/1490\/revisions"}],"predecessor-version":[{"id":2201,"href":"https:\/\/ruralturazores.com\/pt-pt\/wp-json\/wp\/v2\/pages\/1490\/revisions\/2201"}],"wp:featuredmedia":[{"embeddable":true,"href":"https:\/\/ruralturazores.com\/pt-pt\/wp-json\/wp\/v2\/media\/1360"}],"wp:attachment":[{"href":"https:\/\/ruralturazores.com\/pt-pt\/wp-json\/wp\/v2\/media?parent=1490"}],"curies":[{"name":"wp","href":"https:\/\/api.w.org\/{rel}","templated":true}]}}