{"id":1431,"date":"2022-11-29T19:03:38","date_gmt":"2022-11-29T20:03:38","guid":{"rendered":"https:\/\/ruralturazores.com\/testemunhos\/"},"modified":"2023-02-17T11:09:02","modified_gmt":"2023-02-17T12:09:02","slug":"testemunhos","status":"publish","type":"page","link":"https:\/\/ruralturazores.com\/pt-pt\/testemunhos\/","title":{"rendered":"Testemunhos"},"content":{"rendered":"<div class=\"wpb-content-wrapper\"><p>[vc_row][vc_column][vc_column_text]<strong>Gostar\u00edamos de agradecer a todos os nossos queridos h\u00f3spedes que nos escolheram durante a sua estadia na ilha do Faial.<\/strong><br \/>\n\u00c9 sempre uma grande satisfa\u00e7\u00e3o receb\u00ea-los nas Casas D&#8217;Arramada e proporcionar-lhes uma experi\u00eancia \u00fanica de hospedagem nesta ilha maravilhosa. Estamos empenhados em garantir que a vossa estadia seja a mais agrad\u00e1vel e confort\u00e1vel poss\u00edvel, e estamos felizes por ter conseguido alcan\u00e7ar esse objetivo. Agradecemos pelos vossos coment\u00e1rios positivos e recomenda\u00e7\u00f5es, e esperamos receb\u00ea-los novamente em breve.[\/vc_column_text][vc_column_text]<div class=\"strong-view strong-view-id-1 default wpmtst-default strong-pager\" data-count=\"10\" data-pager-var=\"strong_pager_id_1\" data-state=\"idle\"><div class=\"strong-content strong-paginated strong-columns columns-2\"><div class=\"wpmtst-testimonial testimonial post-1522\"><div class=\"wpmtst-testimonial-inner testimonial-inner\"><h3 class=\"wpmtst-testimonial-heading testimonial-heading\">La mejor hospitalidad de Portugal<\/h3><div    class=\"wpmtst-testimonial-content testimonial-content\"><div class=\"maybe-clear\"><\/div><p><span class=\"c-review__body c-review__body--original \" lang=\"es\">El personal es encantador. Te dan una cesta de bienvenida cargada de comida y las instalaciones son perfectas para pasar una tarde noche relaj\u00e1ndose en la piscina y jugando al billar o al futbol\u00edn.<\/span><\/p><\/div><div class=\"wpmtst-testimonial-field testimonial-field testimonial-name\">Laura - Espanha<\/div><div class=\"clear\"><\/div><\/div><\/div><div class=\"wpmtst-testimonial testimonial post-1523\"><div class=\"wpmtst-testimonial-inner testimonial-inner\"><h3 class=\"wpmtst-testimonial-heading testimonial-heading\">Sch\u00f6ne Unterkunft auf Faial<\/h3><div    class=\"wpmtst-testimonial-content testimonial-content\"><div class=\"maybe-clear\"><\/div><p><span class=\"c-review__body c-review__body--original \" lang=\"de\">Wir hatten das kleinste H\u00e4uschen der Anlage, perfekt f\u00fcr zwei Personen: zwei Etagen (oben Schlafzimmer, unten Wohnbereich, Essbereich inkl. K\u00fcchenzeile und Bad.) Gut ausgestattet, vor allem der dazugeh\u00f6rige kleine Garten und Terrasse (inkl. Kugelgrill) sind sehr sch\u00f6n. Waschmaschinen und Trockner k\u00f6nnen in separater Waschk\u00fcche genutzt werden. Mietwagen ist ein Muss!<\/span><\/p><\/div><div class=\"wpmtst-testimonial-field testimonial-field testimonial-name\">Sylvia<\/div><div class=\"clear\"><\/div><\/div><\/div><div class=\"wpmtst-testimonial testimonial post-1524\"><div class=\"wpmtst-testimonial-inner testimonial-inner\"><h3 class=\"wpmtst-testimonial-heading testimonial-heading\">Super verblijf met veel buitenruimte en uitzicht<\/h3><div    class=\"wpmtst-testimonial-content testimonial-content\"><div class=\"maybe-clear\"><\/div><p><span class=\"c-review__body c-review__body--original \" lang=\"nl\">Fantastisch verblijf gehad hier. De locatie is waanzinnig. Veel ruimte, prachtig uitzicht. Er was een speelkamer met pingpong, tafelvoetbal en biljart. Ook een overdekt zwembad wat heel fijn was met de kinderen in mei. De eigenaren super vriendelijk en lekker ontbijt.<\/span><\/p><\/div><div class=\"wpmtst-testimonial-field testimonial-field testimonial-name\">Linda<\/div><div class=\"clear\"><\/div><\/div><\/div><div class=\"wpmtst-testimonial testimonial post-1525\"><div class=\"wpmtst-testimonial-inner testimonial-inner\"><h3 class=\"wpmtst-testimonial-heading testimonial-heading\">Ein Juwel!<\/h3><div    class=\"wpmtst-testimonial-content testimonial-content\"><div class=\"maybe-clear\"><\/div><p><span class=\"c-review__body c-review__body--original \" lang=\"de\">Eine wundersch\u00f6ne Anlage mit viel Liebe f\u00fcr das Detail. Wir hatten eine Wohnung mit 2 SZ. Es war alles da und wir haben uns Superwohl gef\u00fchlt. Den Kamin mussten wir leider oft nutzen, da es abends noch kalt war, aber es war wundersch\u00f6n am offenen Feuer zu sitzen. Auch der Pool und das Areal mit Meerblick war toll und wurde ausgiebig genutzt. Man ben\u00f6tigt unbedingt ein Auto, es ist mit am weitesten von Horta entfernt, egal in welche Richtung man f\u00e4hrt, aber es lohnt sich. Die Ruhe, Abgeschiedenheit, wir haben es geliebt&#8230;<\/span><\/p><\/div><div class=\"wpmtst-testimonial-field testimonial-field testimonial-name\">Maximilian<\/div><div class=\"clear\"><\/div><\/div><\/div><div class=\"wpmtst-testimonial testimonial post-1527\"><div class=\"wpmtst-testimonial-inner testimonial-inner\"><h3 class=\"wpmtst-testimonial-heading testimonial-heading\">Duplex accueillant et bien \u00e9quip\u00e9 dans les hauteurs de Faial<\/h3><div    class=\"wpmtst-testimonial-content testimonial-content\"><div class=\"maybe-clear\"><\/div><p><span class=\"c-review__body c-review__body--original \" lang=\"fr\">Logement spacieux et bien \u00e9quip\u00e9, au calme Les h\u00f4tes sont tr\u00e8s serviables et apportent du pain frais chaque matin pour agr\u00e9menter le petit d\u00e9jeuner fourni Possibilit\u00e9 de lessive bienvenue !<\/span><\/p><\/div><div class=\"wpmtst-testimonial-field testimonial-field testimonial-name\">Emmanuel<\/div><div class=\"clear\"><\/div><\/div><\/div><div class=\"wpmtst-testimonial testimonial post-1528\"><div class=\"wpmtst-testimonial-inner testimonial-inner\"><h3 class=\"wpmtst-testimonial-heading testimonial-heading\">Agr\u00e9able moment en famille.<\/h3><div    class=\"wpmtst-testimonial-content testimonial-content\"><div class=\"maybe-clear\"><\/div><p><span class=\"c-review__body c-review__body--original \" lang=\"fr\">Nous avons s\u00e9journ\u00e9 dans le gite Lagoa et nous le recommandons. R\u00e9nov\u00e9 avec go\u00fbt, le logement \u00e9tait propre, spacieux avec une magnifique vue de la terrasse. Tr\u00e8s bien \u00e9quip\u00e9 et acc\u00e8s facile pour visiter l&#8217;\u00eele. Des espaces accessibles en plus sur le domaine : espace jeux, piscine, poulailler, &#8230; la piscine couverte permet la baignade peu importe la m\u00e9t\u00e9o. Personnel accueillant avec de tr\u00e8s belles attentions \u00e0 notre arriv\u00e9e.<\/span><\/p><\/div><div class=\"wpmtst-testimonial-field testimonial-field testimonial-name\">Amaury<\/div><div class=\"clear\"><\/div><\/div><\/div><div class=\"wpmtst-testimonial testimonial post-1529\"><div class=\"wpmtst-testimonial-inner testimonial-inner\"><h3 class=\"wpmtst-testimonial-heading testimonial-heading\">Endroit id\u00e9al pour qui recherche le calme pour ses vacances.<\/h3><div    class=\"wpmtst-testimonial-content testimonial-content\"><div class=\"maybe-clear\"><\/div><p><span class=\"c-review__body c-review__body--original \" lang=\"fr\">Petite maison bien agenc\u00e9e. Terrasse agr\u00e9able pour d\u00e9jeuner, lire, se reposer. Piscine appr\u00e9ci\u00e9e au retour de nos randonn\u00e9es . Endroit tr\u00e8s calme et vue sur la mer avec en prime de beaux couchers de soleil. Le petit-d\u00e9jeuner est original ( livraison de pain frais et viennoiseries dans un panier chaque matin \u00e0 notre maison).<\/span><\/p><\/div><div class=\"wpmtst-testimonial-field testimonial-field testimonial-name\">Philippe<\/div><div class=\"clear\"><\/div><\/div><\/div><div class=\"wpmtst-testimonial testimonial post-1530\"><div class=\"wpmtst-testimonial-inner testimonial-inner\"><h3 class=\"wpmtst-testimonial-heading testimonial-heading\">Voyage nature<\/h3><div    class=\"wpmtst-testimonial-content testimonial-content\"><div class=\"maybe-clear\"><\/div><p><span class=\"c-review__body c-review__body--original \" lang=\"fr\">Logement tr\u00e8s agr\u00e9able et tr\u00e8s bien situ\u00e9 pour visiter Faial. Les logements sont \u00e9galement tr\u00e8s bien am\u00e9nag\u00e9s et confortables. Le petit d\u00e9jeuner est pr\u00e9vu pour trois jours avec tous les matins un panier livr\u00e9 avec les viennoiseries. Tr\u00e8s bonne accueil et personnel tr\u00e8s serviable.<\/span><\/p><\/div><div class=\"wpmtst-testimonial-field testimonial-field testimonial-name\">Philippe<\/div><div class=\"clear\"><\/div><\/div><\/div><div class=\"wpmtst-testimonial testimonial post-1531\"><div class=\"wpmtst-testimonial-inner testimonial-inner\"><h3 class=\"wpmtst-testimonial-heading testimonial-heading\">Great accommodation in Faial<\/h3><div    class=\"wpmtst-testimonial-content testimonial-content\"><div class=\"maybe-clear\"><\/div><p><span class=\"c-review__body c-review__body--original \" lang=\"en-us\">Great location. Fully stocked and with a pool and game room so the kids can cool off after a long day of traveling<\/span><\/p><\/div><div class=\"wpmtst-testimonial-field testimonial-field testimonial-name\">\u05db\u05e4\u05d9\u05e8<\/div><div class=\"clear\"><\/div><\/div><\/div><div class=\"wpmtst-testimonial testimonial post-1532\"><div class=\"wpmtst-testimonial-inner testimonial-inner\"><h3 class=\"wpmtst-testimonial-heading testimonial-heading\">Para o ano, voltamos!<\/h3><div    class=\"wpmtst-testimonial-content testimonial-content\"><div class=\"maybe-clear\"><\/div><p><span class=\"c-review__body\" lang=\"pt\">Adoramos como o Sr. Ant\u00f3nio e a D. Aldina nos receberam!!! O pai, o Sr. Francisco \u00e9 uma pessoa especial que adora aquele local e os seus burros, o Jack e o Alex! Ter o p\u00e3o fresco todos os dias de manh\u00e3 \u00e9 muito agrad\u00e1vel! \u00c9 imposs\u00edvel n\u00e3o queres comer p\u00e3o! E a piscina fez o deleite da nossa pequena!!!!<\/span><\/p><\/div><div class=\"wpmtst-testimonial-field testimonial-field testimonial-name\">Vanessa<\/div><div class=\"clear\"><\/div><\/div><\/div><\/div><\/div>[\/vc_column_text][vc_empty_space height=\"30px\"][\/vc_column][\/vc_row]<\/p>\n<\/div>","protected":false},"excerpt":{"rendered":"<p>[vc_row][vc_column][vc_column_text]Gostar\u00edamos de agradecer a todos os nossos queridos h\u00f3spedes que nos escolheram durante a sua estadia na ilha do Faial. \u00c9 sempre uma grande satisfa\u00e7\u00e3o receb\u00ea-los nas Casas D&#8217;Arramada e proporcionar-lhes uma experi\u00eancia \u00fanica de hospedagem nesta ilha maravilhosa. Estamos empenhados em garantir que a vossa estadia seja a mais agrad\u00e1vel e confort\u00e1vel poss\u00edvel, e<\/p>\n<a href=\"https:\/\/ruralturazores.com\/pt-pt\/testemunhos\/\" class=\"sohohotel-more-link\">Read More<\/a>","protected":false},"author":1,"featured_media":1288,"parent":0,"menu_order":0,"comment_status":"closed","ping_status":"closed","template":"","meta":{"footnotes":""},"class_list":["post-1431","page","type-page","status-publish","has-post-thumbnail","hentry"],"yoast_head":"<!-- This site is optimized with the Yoast SEO plugin v27.5 - https:\/\/yoast.com\/product\/yoast-seo-wordpress\/ -->\n<title>Testemunhos - Casas Darramada<\/title>\n<meta name=\"robots\" content=\"index, follow, max-snippet:-1, max-image-preview:large, max-video-preview:-1\" \/>\n<link rel=\"canonical\" href=\"https:\/\/ruralturazores.com\/pt-pt\/testemunhos\/\" \/>\n<meta property=\"og:locale\" content=\"pt_PT\" \/>\n<meta property=\"og:type\" content=\"article\" \/>\n<meta property=\"og:title\" content=\"Testemunhos - Casas Darramada\" \/>\n<meta property=\"og:description\" content=\"[vc_row][vc_column][vc_column_text]Gostar\u00edamos de agradecer a todos os nossos queridos h\u00f3spedes que nos escolheram durante a sua estadia na ilha do Faial. \u00c9 sempre uma grande satisfa\u00e7\u00e3o receb\u00ea-los nas Casas D&#8217;Arramada e proporcionar-lhes uma experi\u00eancia \u00fanica de hospedagem nesta ilha maravilhosa. Estamos empenhados em garantir que a vossa estadia seja a mais agrad\u00e1vel e confort\u00e1vel poss\u00edvel, e\" \/>\n<meta property=\"og:url\" content=\"https:\/\/ruralturazores.com\/pt-pt\/testemunhos\/\" \/>\n<meta property=\"og:site_name\" content=\"Casas Darramada\" \/>\n<meta property=\"article:publisher\" content=\"https:\/\/www.facebook.com\/casasdarramada\" \/>\n<meta property=\"article:modified_time\" content=\"2023-02-17T12:09:02+00:00\" \/>\n<meta property=\"og:image\" content=\"https:\/\/ruralturazores.com\/wp-content\/uploads\/2023\/01\/header-experiencias.jpg\" \/>\n\t<meta property=\"og:image:width\" content=\"1902\" \/>\n\t<meta property=\"og:image:height\" content=\"399\" \/>\n\t<meta property=\"og:image:type\" content=\"image\/jpeg\" \/>\n<meta name=\"twitter:card\" content=\"summary_large_image\" \/>\n<meta name=\"twitter:label1\" content=\"Tempo estimado de leitura\" \/>\n\t<meta name=\"twitter:data1\" content=\"1 minuto\" \/>\n<script type=\"application\/ld+json\" class=\"yoast-schema-graph\">{\"@context\":\"https:\\\/\\\/schema.org\",\"@graph\":[{\"@type\":\"WebPage\",\"@id\":\"https:\\\/\\\/ruralturazores.com\\\/pt-pt\\\/testemunhos\\\/\",\"url\":\"https:\\\/\\\/ruralturazores.com\\\/pt-pt\\\/testemunhos\\\/\",\"name\":\"Testemunhos - Casas Darramada\",\"isPartOf\":{\"@id\":\"https:\\\/\\\/ruralturazores.com\\\/pt-pt\\\/#website\"},\"primaryImageOfPage\":{\"@id\":\"https:\\\/\\\/ruralturazores.com\\\/pt-pt\\\/testemunhos\\\/#primaryimage\"},\"image\":{\"@id\":\"https:\\\/\\\/ruralturazores.com\\\/pt-pt\\\/testemunhos\\\/#primaryimage\"},\"thumbnailUrl\":\"https:\\\/\\\/ruralturazores.com\\\/wp-content\\\/uploads\\\/2023\\\/01\\\/header-experiencias.jpg\",\"datePublished\":\"2022-11-29T20:03:38+00:00\",\"dateModified\":\"2023-02-17T12:09:02+00:00\",\"breadcrumb\":{\"@id\":\"https:\\\/\\\/ruralturazores.com\\\/pt-pt\\\/testemunhos\\\/#breadcrumb\"},\"inLanguage\":\"pt-PT\",\"potentialAction\":[{\"@type\":\"ReadAction\",\"target\":[\"https:\\\/\\\/ruralturazores.com\\\/pt-pt\\\/testemunhos\\\/\"]}]},{\"@type\":\"ImageObject\",\"inLanguage\":\"pt-PT\",\"@id\":\"https:\\\/\\\/ruralturazores.com\\\/pt-pt\\\/testemunhos\\\/#primaryimage\",\"url\":\"https:\\\/\\\/ruralturazores.com\\\/wp-content\\\/uploads\\\/2023\\\/01\\\/header-experiencias.jpg\",\"contentUrl\":\"https:\\\/\\\/ruralturazores.com\\\/wp-content\\\/uploads\\\/2023\\\/01\\\/header-experiencias.jpg\",\"width\":1902,\"height\":399},{\"@type\":\"BreadcrumbList\",\"@id\":\"https:\\\/\\\/ruralturazores.com\\\/pt-pt\\\/testemunhos\\\/#breadcrumb\",\"itemListElement\":[{\"@type\":\"ListItem\",\"position\":1,\"name\":\"Home\",\"item\":\"https:\\\/\\\/ruralturazores.com\\\/pt-pt\\\/\"},{\"@type\":\"ListItem\",\"position\":2,\"name\":\"Testemunhos\"}]},{\"@type\":\"WebSite\",\"@id\":\"https:\\\/\\\/ruralturazores.com\\\/pt-pt\\\/#website\",\"url\":\"https:\\\/\\\/ruralturazores.com\\\/pt-pt\\\/\",\"name\":\"Casas Darramada - Village Tourism\",\"description\":\"Turismo em Espa\u00e7o Rural\",\"publisher\":{\"@id\":\"https:\\\/\\\/ruralturazores.com\\\/pt-pt\\\/#organization\"},\"potentialAction\":[{\"@type\":\"SearchAction\",\"target\":{\"@type\":\"EntryPoint\",\"urlTemplate\":\"https:\\\/\\\/ruralturazores.com\\\/pt-pt\\\/?s={search_term_string}\"},\"query-input\":{\"@type\":\"PropertyValueSpecification\",\"valueRequired\":true,\"valueName\":\"search_term_string\"}}],\"inLanguage\":\"pt-PT\"},{\"@type\":\"Organization\",\"@id\":\"https:\\\/\\\/ruralturazores.com\\\/pt-pt\\\/#organization\",\"name\":\"Casas Darramada - Village Tourism\",\"url\":\"https:\\\/\\\/ruralturazores.com\\\/pt-pt\\\/\",\"logo\":{\"@type\":\"ImageObject\",\"inLanguage\":\"pt-PT\",\"@id\":\"https:\\\/\\\/ruralturazores.com\\\/pt-pt\\\/#\\\/schema\\\/logo\\\/image\\\/\",\"url\":\"https:\\\/\\\/ruralturazores.com\\\/wp-content\\\/uploads\\\/2022\\\/12\\\/cinza-logo.png\",\"contentUrl\":\"https:\\\/\\\/ruralturazores.com\\\/wp-content\\\/uploads\\\/2022\\\/12\\\/cinza-logo.png\",\"width\":135,\"height\":80,\"caption\":\"Casas Darramada - Village Tourism\"},\"image\":{\"@id\":\"https:\\\/\\\/ruralturazores.com\\\/pt-pt\\\/#\\\/schema\\\/logo\\\/image\\\/\"},\"sameAs\":[\"https:\\\/\\\/www.facebook.com\\\/casasdarramada\",\"https:\\\/\\\/www.instagram.com\\\/casasdarramada\\\/\"]}]}<\/script>\n<!-- \/ Yoast SEO plugin. -->","yoast_head_json":{"title":"Testemunhos - Casas Darramada","robots":{"index":"index","follow":"follow","max-snippet":"max-snippet:-1","max-image-preview":"max-image-preview:large","max-video-preview":"max-video-preview:-1"},"canonical":"https:\/\/ruralturazores.com\/pt-pt\/testemunhos\/","og_locale":"pt_PT","og_type":"article","og_title":"Testemunhos - Casas Darramada","og_description":"[vc_row][vc_column][vc_column_text]Gostar\u00edamos de agradecer a todos os nossos queridos h\u00f3spedes que nos escolheram durante a sua estadia na ilha do Faial. \u00c9 sempre uma grande satisfa\u00e7\u00e3o receb\u00ea-los nas Casas D&#8217;Arramada e proporcionar-lhes uma experi\u00eancia \u00fanica de hospedagem nesta ilha maravilhosa. Estamos empenhados em garantir que a vossa estadia seja a mais agrad\u00e1vel e confort\u00e1vel poss\u00edvel, e","og_url":"https:\/\/ruralturazores.com\/pt-pt\/testemunhos\/","og_site_name":"Casas Darramada","article_publisher":"https:\/\/www.facebook.com\/casasdarramada","article_modified_time":"2023-02-17T12:09:02+00:00","og_image":[{"width":1902,"height":399,"url":"https:\/\/ruralturazores.com\/wp-content\/uploads\/2023\/01\/header-experiencias.jpg","type":"image\/jpeg"}],"twitter_card":"summary_large_image","twitter_misc":{"Tempo estimado de leitura":"1 minuto"},"schema":{"@context":"https:\/\/schema.org","@graph":[{"@type":"WebPage","@id":"https:\/\/ruralturazores.com\/pt-pt\/testemunhos\/","url":"https:\/\/ruralturazores.com\/pt-pt\/testemunhos\/","name":"Testemunhos - Casas Darramada","isPartOf":{"@id":"https:\/\/ruralturazores.com\/pt-pt\/#website"},"primaryImageOfPage":{"@id":"https:\/\/ruralturazores.com\/pt-pt\/testemunhos\/#primaryimage"},"image":{"@id":"https:\/\/ruralturazores.com\/pt-pt\/testemunhos\/#primaryimage"},"thumbnailUrl":"https:\/\/ruralturazores.com\/wp-content\/uploads\/2023\/01\/header-experiencias.jpg","datePublished":"2022-11-29T20:03:38+00:00","dateModified":"2023-02-17T12:09:02+00:00","breadcrumb":{"@id":"https:\/\/ruralturazores.com\/pt-pt\/testemunhos\/#breadcrumb"},"inLanguage":"pt-PT","potentialAction":[{"@type":"ReadAction","target":["https:\/\/ruralturazores.com\/pt-pt\/testemunhos\/"]}]},{"@type":"ImageObject","inLanguage":"pt-PT","@id":"https:\/\/ruralturazores.com\/pt-pt\/testemunhos\/#primaryimage","url":"https:\/\/ruralturazores.com\/wp-content\/uploads\/2023\/01\/header-experiencias.jpg","contentUrl":"https:\/\/ruralturazores.com\/wp-content\/uploads\/2023\/01\/header-experiencias.jpg","width":1902,"height":399},{"@type":"BreadcrumbList","@id":"https:\/\/ruralturazores.com\/pt-pt\/testemunhos\/#breadcrumb","itemListElement":[{"@type":"ListItem","position":1,"name":"Home","item":"https:\/\/ruralturazores.com\/pt-pt\/"},{"@type":"ListItem","position":2,"name":"Testemunhos"}]},{"@type":"WebSite","@id":"https:\/\/ruralturazores.com\/pt-pt\/#website","url":"https:\/\/ruralturazores.com\/pt-pt\/","name":"Casas Darramada - Village Tourism","description":"Turismo em Espa\u00e7o Rural","publisher":{"@id":"https:\/\/ruralturazores.com\/pt-pt\/#organization"},"potentialAction":[{"@type":"SearchAction","target":{"@type":"EntryPoint","urlTemplate":"https:\/\/ruralturazores.com\/pt-pt\/?s={search_term_string}"},"query-input":{"@type":"PropertyValueSpecification","valueRequired":true,"valueName":"search_term_string"}}],"inLanguage":"pt-PT"},{"@type":"Organization","@id":"https:\/\/ruralturazores.com\/pt-pt\/#organization","name":"Casas Darramada - Village Tourism","url":"https:\/\/ruralturazores.com\/pt-pt\/","logo":{"@type":"ImageObject","inLanguage":"pt-PT","@id":"https:\/\/ruralturazores.com\/pt-pt\/#\/schema\/logo\/image\/","url":"https:\/\/ruralturazores.com\/wp-content\/uploads\/2022\/12\/cinza-logo.png","contentUrl":"https:\/\/ruralturazores.com\/wp-content\/uploads\/2022\/12\/cinza-logo.png","width":135,"height":80,"caption":"Casas Darramada - Village Tourism"},"image":{"@id":"https:\/\/ruralturazores.com\/pt-pt\/#\/schema\/logo\/image\/"},"sameAs":["https:\/\/www.facebook.com\/casasdarramada","https:\/\/www.instagram.com\/casasdarramada\/"]}]}},"_links":{"self":[{"href":"https:\/\/ruralturazores.com\/pt-pt\/wp-json\/wp\/v2\/pages\/1431","targetHints":{"allow":["GET"]}}],"collection":[{"href":"https:\/\/ruralturazores.com\/pt-pt\/wp-json\/wp\/v2\/pages"}],"about":[{"href":"https:\/\/ruralturazores.com\/pt-pt\/wp-json\/wp\/v2\/types\/page"}],"author":[{"embeddable":true,"href":"https:\/\/ruralturazores.com\/pt-pt\/wp-json\/wp\/v2\/users\/1"}],"replies":[{"embeddable":true,"href":"https:\/\/ruralturazores.com\/pt-pt\/wp-json\/wp\/v2\/comments?post=1431"}],"version-history":[{"count":5,"href":"https:\/\/ruralturazores.com\/pt-pt\/wp-json\/wp\/v2\/pages\/1431\/revisions"}],"predecessor-version":[{"id":1536,"href":"https:\/\/ruralturazores.com\/pt-pt\/wp-json\/wp\/v2\/pages\/1431\/revisions\/1536"}],"wp:featuredmedia":[{"embeddable":true,"href":"https:\/\/ruralturazores.com\/pt-pt\/wp-json\/wp\/v2\/media\/1288"}],"wp:attachment":[{"href":"https:\/\/ruralturazores.com\/pt-pt\/wp-json\/wp\/v2\/media?parent=1431"}],"curies":[{"name":"wp","href":"https:\/\/api.w.org\/{rel}","templated":true}]}}