{"id":1427,"date":"2023-01-06T12:54:13","date_gmt":"2023-01-06T13:54:13","guid":{"rendered":"https:\/\/ruralturazores.com\/village-tourism\/"},"modified":"2023-03-01T16:23:05","modified_gmt":"2023-03-01T17:23:05","slug":"village-tourism","status":"publish","type":"page","link":"https:\/\/ruralturazores.com\/pt-pt\/village-tourism\/","title":{"rendered":"Village Tourism"},"content":{"rendered":"<div class=\"wpb-content-wrapper\"><p>[vc_row][vc_column][\/vc_column][\/vc_row][vc_row fixed_width=&#8221;true&#8221; css=&#8221;.vc_custom_1627562291998{margin-top: 0px !important;margin-bottom: 0px !important;border-top-width: 0px !important;border-bottom-width: 0px !important;padding-top: 10px !important;padding-bottom: 0px !important;}&#8221;][vc_column css=&#8221;.vc_custom_1627562322556{margin-top: 0px !important;margin-bottom: 0px !important;border-top-width: 0px !important;border-bottom-width: 0px !important;padding-top: 0px !important;padding-bottom: 0px !important;}&#8221;][vc_column_text]<img decoding=\"async\" class=\"size-full wp-image-713 alignright\" src=\"https:\/\/ruralturazores.com\/wp-content\/uploads\/2023\/01\/nossa-historia-1024x1024-1.jpg\" alt=\"\" width=\"500\" srcset=\"https:\/\/ruralturazores.com\/wp-content\/uploads\/2023\/01\/nossa-historia-1024x1024-1.jpg 1024w, https:\/\/ruralturazores.com\/wp-content\/uploads\/2023\/01\/nossa-historia-1024x1024-1-300x300.jpg 300w, https:\/\/ruralturazores.com\/wp-content\/uploads\/2023\/01\/nossa-historia-1024x1024-1-150x150.jpg 150w, https:\/\/ruralturazores.com\/wp-content\/uploads\/2023\/01\/nossa-historia-1024x1024-1-768x768.jpg 768w, https:\/\/ruralturazores.com\/wp-content\/uploads\/2023\/01\/nossa-historia-1024x1024-1-500x500.jpg 500w, https:\/\/ruralturazores.com\/wp-content\/uploads\/2023\/01\/nossa-historia-1024x1024-1-800x800.jpg 800w, https:\/\/ruralturazores.com\/wp-content\/uploads\/2023\/01\/nossa-historia-1024x1024-1-100x100.jpg 100w, https:\/\/ruralturazores.com\/wp-content\/uploads\/2023\/01\/nossa-historia-1024x1024-1-190x190.jpg 190w, https:\/\/ruralturazores.com\/wp-content\/uploads\/2023\/01\/nossa-historia-1024x1024-1-170x170.jpg 170w\" sizes=\"(max-width: 1024px) 100vw, 1024px\" \/>As CASAS D\u2019ARRAMADA \u2013 VILLAGE TOURISM s\u00e3o um empreendimento de Turismo em Espa\u00e7o Rural na qualidade de Turismo de Aldeia. Inseridas numa propriedade rural com 10.000m2, ficam situadas num planalto virado a poente entre a Caldeira e o Vulc\u00e3o dos Capelinhos.<\/p>\n<p>Edificadas em cima das ru\u00ednas do sismo de 9 de Julho de 1998, estas CASAS s\u00e3o patrim\u00f3nio da fam\u00edlia e do <em>Lugar da Ribeira Funda<\/em>. Aqui viveram pessoas e animais durante gera\u00e7\u00f5es, pessoas de quem gost\u00e1vamos muito e que fizeram parte da nossa vida.<\/p>\n<p>Inauguradas em 2005, resultado do esfor\u00e7o e paix\u00e3o dos seus propriet\u00e1rios, foram reconstru\u00eddas com a inten\u00e7\u00e3o de perpetuar a mem\u00f3ria dos seus antepassados e oferecer estadias ricas em hist\u00f3ria, num lugar onde se respira tranquilidade e simplicidade.<\/p>\n<p><em>Geridas pelos seus propriet\u00e1rios, naturais deste lugar, as <a href=\"https:\/\/ruralturazores.com\/as-nossas-casas\/\">CASAS<\/a> oferecem um ambiente familiar e acolhedor.<\/em><\/p>\n<h5>A NOSSA HIST\u00d3RIA<\/h5>\n<p>As Casas D\u2019Arramada Village Tourism s\u00e3o patrim\u00f3nio da fam\u00edlia desde o s\u00e9culo passado, a origem do seu nome deve-se \u00e0 antiga <em>ramada<\/em> que existia e onde se serviam as sopas em louvor do Divino Esp\u00edrito Santo, festas t\u00edpicas dos A\u00e7ores.<\/p>\n<p>As nossas gentes viviam da agricultura <u>de<\/u> subsist\u00eancia do mar e da ca\u00e7a. Tinham um estilo de vida comunit\u00e1rio. Gente de F\u00e9 reunia-se a volta das festas religiosas e das romarias. Existia um \u00fanico estabelecimento comercial \u201cO Botequim\u201d que era simultaneamente taberna e mercearia onde se vendia de tudo, desde tecidos a combust\u00edvel.[\/vc_column_text][\/vc_column][\/vc_row][vc_row fixed_width=&#8221;true&#8221; css=&#8221;.vc_custom_1627562291998{margin-top: 0px !important;margin-bottom: 0px !important;border-top-width: 0px !important;border-bottom-width: 0px !important;padding-top: 10px !important;padding-bottom: 0px !important;}&#8221;][vc_column css=&#8221;.vc_custom_1627562322556{margin-top: 0px !important;margin-bottom: 0px !important;border-top-width: 0px !important;border-bottom-width: 0px !important;padding-top: 0px !important;padding-bottom: 0px !important;}&#8221;][vc_wp_text]<div id=\"jig1\" class=\"justified-image-grid jig-a3811d4b6b4adfcd94049a8af2690de5 jig-preset-11 jig-source-wp-gallery jig-id-1839\"><div class=\"jig-clearfix\"><\/div><noscript id=\"jig1-html\" class=\"justified-image-grid-html\" data-lazy-src=\"skiplazyload\" data-src=\"skipunveillazyload\"><ul><li><a href=\"https:\/\/ruralturazores.com\/wp-content\/uploads\/2023\/01\/casas-arramada-agricultura3-1024x682-1.jpg\"><img decoding=\"async\" src=\"https:\/\/ruralturazores.com\/wp-content\/plugins\/justified-image-grid\/timthumb.php?src=https%3A%2F%2Fruralturazores.com%2Fwp-content%2Fuploads%2F2023%2F01%2Fcasas-arramada-agricultura3-1024x682-1.jpg&amp;h=230&amp;q=90&amp;f=.jpg\" alt=\"\" width=\"345\" height=\"230\" \/><\/a><\/li><li><a href=\"https:\/\/ruralturazores.com\/wp-content\/uploads\/2023\/01\/casas-arramada-artesanato-1024x683-1.jpg\"><img decoding=\"async\" src=\"https:\/\/ruralturazores.com\/wp-content\/plugins\/justified-image-grid\/timthumb.php?src=https%3A%2F%2Fruralturazores.com%2Fwp-content%2Fuploads%2F2023%2F01%2Fcasas-arramada-artesanato-1024x683-1.jpg&amp;h=230&amp;q=90&amp;f=.jpg\" alt=\"\" width=\"344\" height=\"230\" \/><\/a><\/li><li><a href=\"https:\/\/ruralturazores.com\/wp-content\/uploads\/2023\/01\/casas-arramada-comercio-1024x682-1.jpg\"><img decoding=\"async\" src=\"https:\/\/ruralturazores.com\/wp-content\/plugins\/justified-image-grid\/timthumb.php?src=https%3A%2F%2Fruralturazores.com%2Fwp-content%2Fuploads%2F2023%2F01%2Fcasas-arramada-comercio-1024x682-1.jpg&amp;h=230&amp;q=90&amp;f=.jpg\" alt=\"\" width=\"345\" height=\"230\" \/><\/a><\/li><li><a href=\"https:\/\/ruralturazores.com\/wp-content\/uploads\/2023\/01\/casas-arramada-espirito-santo2-1024x683-1.jpg\"><img decoding=\"async\" src=\"https:\/\/ruralturazores.com\/wp-content\/plugins\/justified-image-grid\/timthumb.php?src=https%3A%2F%2Fruralturazores.com%2Fwp-content%2Fuploads%2F2023%2F01%2Fcasas-arramada-espirito-santo2-1024x683-1.jpg&amp;h=230&amp;q=90&amp;f=.jpg\" alt=\"\" width=\"344\" height=\"230\" \/><\/a><\/li><li><a href=\"https:\/\/ruralturazores.com\/wp-content\/uploads\/2023\/01\/casas-arramada-espirito-santo3-1024x683-1.jpg\"><img decoding=\"async\" src=\"https:\/\/ruralturazores.com\/wp-content\/plugins\/justified-image-grid\/timthumb.php?src=https%3A%2F%2Fruralturazores.com%2Fwp-content%2Fuploads%2F2023%2F01%2Fcasas-arramada-espirito-santo3-1024x683-1.jpg&amp;h=230&amp;q=90&amp;f=.jpg\" alt=\"\" width=\"344\" height=\"230\" \/><\/a><\/li><li><a href=\"https:\/\/ruralturazores.com\/wp-content\/uploads\/2023\/01\/casas-arramada-espirito-santo-1024x683-1.jpg\"><img decoding=\"async\" src=\"https:\/\/ruralturazores.com\/wp-content\/plugins\/justified-image-grid\/timthumb.php?src=https%3A%2F%2Fruralturazores.com%2Fwp-content%2Fuploads%2F2023%2F01%2Fcasas-arramada-espirito-santo-1024x683-1.jpg&amp;h=230&amp;q=90&amp;f=.jpg\" alt=\"\" width=\"344\" height=\"230\" \/><\/a><\/li><li><a href=\"https:\/\/ruralturazores.com\/wp-content\/uploads\/2023\/01\/casas-arramada-romarias2-1024x683-1.jpg\"><img decoding=\"async\" src=\"https:\/\/ruralturazores.com\/wp-content\/plugins\/justified-image-grid\/timthumb.php?src=https%3A%2F%2Fruralturazores.com%2Fwp-content%2Fuploads%2F2023%2F01%2Fcasas-arramada-romarias2-1024x683-1.jpg&amp;h=230&amp;q=90&amp;f=.jpg\" alt=\"\" width=\"344\" height=\"230\" \/><\/a><\/li><li><a href=\"https:\/\/ruralturazores.com\/wp-content\/uploads\/2023\/01\/casas-arramada-agricultura2-1024x1024-1.jpg\"><img decoding=\"async\" src=\"https:\/\/ruralturazores.com\/wp-content\/plugins\/justified-image-grid\/timthumb.php?src=https%3A%2F%2Fruralturazores.com%2Fwp-content%2Fuploads%2F2023%2F01%2Fcasas-arramada-agricultura2-1024x1024-1.jpg&amp;h=230&amp;q=90&amp;f=.jpg\" alt=\"\" width=\"230\" height=\"230\" \/><\/a><\/li><li><a href=\"https:\/\/ruralturazores.com\/wp-content\/uploads\/2023\/01\/casas-arramada-agricultura5-1024x683-1.jpg\"><img decoding=\"async\" src=\"https:\/\/ruralturazores.com\/wp-content\/plugins\/justified-image-grid\/timthumb.php?src=https%3A%2F%2Fruralturazores.com%2Fwp-content%2Fuploads%2F2023%2F01%2Fcasas-arramada-agricultura5-1024x683-1.jpg&amp;h=230&amp;q=90&amp;f=.jpg\" alt=\"\" width=\"344\" height=\"230\" \/><\/a><\/li><li><a href=\"https:\/\/ruralturazores.com\/wp-content\/uploads\/2023\/01\/casas-arramada-agricultura4-1024x1024-1.jpg\"><img decoding=\"async\" src=\"https:\/\/ruralturazores.com\/wp-content\/plugins\/justified-image-grid\/timthumb.php?src=https%3A%2F%2Fruralturazores.com%2Fwp-content%2Fuploads%2F2023%2F01%2Fcasas-arramada-agricultura4-1024x1024-1.jpg&amp;h=230&amp;q=90&amp;f=.jpg\" alt=\"\" width=\"230\" height=\"230\" \/><\/a><\/li><\/ul><\/noscript><\/div>[\/vc_wp_text][\/vc_column][\/vc_row]<\/p>\n<\/div>","protected":false},"excerpt":{"rendered":"<p>[vc_row][vc_column][\/vc_column][\/vc_row][vc_row fixed_width=&#8221;true&#8221; css=&#8221;.vc_custom_1627562291998{margin-top: 0px !important;margin-bottom: 0px !important;border-top-width: 0px !important;border-bottom-width: 0px !important;padding-top: 10px !important;padding-bottom: 0px !important;}&#8221;][vc_column css=&#8221;.vc_custom_1627562322556{margin-top: 0px !important;margin-bottom: 0px !important;border-top-width: 0px !important;border-bottom-width: 0px !important;padding-top: 0px !important;padding-bottom: 0px !important;}&#8221;][vc_column_text]As CASAS D\u2019ARRAMADA \u2013 VILLAGE TOURISM s\u00e3o um empreendimento de Turismo em Espa\u00e7o Rural na qualidade de Turismo de Aldeia. Inseridas numa propriedade rural com 10.000m2, ficam situadas<\/p>\n<a href=\"https:\/\/ruralturazores.com\/pt-pt\/village-tourism\/\" class=\"sohohotel-more-link\">Read More<\/a>","protected":false},"author":1,"featured_media":1289,"parent":0,"menu_order":0,"comment_status":"closed","ping_status":"closed","template":"","meta":{"footnotes":""},"class_list":["post-1427","page","type-page","status-publish","has-post-thumbnail","hentry"],"yoast_head":"<!-- This site is optimized with the Yoast SEO plugin v27.5 - https:\/\/yoast.com\/product\/yoast-seo-wordpress\/ -->\n<title>Village Tourism - Casas Darramada<\/title>\n<meta name=\"robots\" content=\"index, follow, max-snippet:-1, max-image-preview:large, max-video-preview:-1\" \/>\n<link rel=\"canonical\" href=\"https:\/\/ruralturazores.com\/pt-pt\/village-tourism\/\" \/>\n<meta property=\"og:locale\" content=\"pt_PT\" \/>\n<meta property=\"og:type\" content=\"article\" \/>\n<meta property=\"og:title\" content=\"Village Tourism - Casas Darramada\" \/>\n<meta property=\"og:description\" content=\"[vc_row][vc_column][\/vc_column][\/vc_row][vc_row fixed_width=&#8221;true&#8221; css=&#8221;.vc_custom_1627562291998{margin-top: 0px !important;margin-bottom: 0px !important;border-top-width: 0px !important;border-bottom-width: 0px !important;padding-top: 10px !important;padding-bottom: 0px !important;}&#8221;][vc_column css=&#8221;.vc_custom_1627562322556{margin-top: 0px !important;margin-bottom: 0px !important;border-top-width: 0px !important;border-bottom-width: 0px !important;padding-top: 0px !important;padding-bottom: 0px !important;}&#8221;][vc_column_text]As CASAS D\u2019ARRAMADA \u2013 VILLAGE TOURISM s\u00e3o um empreendimento de Turismo em Espa\u00e7o Rural na qualidade de Turismo de Aldeia. Inseridas numa propriedade rural com 10.000m2, ficam situadas\" \/>\n<meta property=\"og:url\" content=\"https:\/\/ruralturazores.com\/pt-pt\/village-tourism\/\" \/>\n<meta property=\"og:site_name\" content=\"Casas Darramada\" \/>\n<meta property=\"article:publisher\" content=\"https:\/\/www.facebook.com\/casasdarramada\" \/>\n<meta property=\"article:modified_time\" content=\"2023-03-01T17:23:05+00:00\" \/>\n<meta property=\"og:image\" content=\"https:\/\/ruralturazores.com\/wp-content\/uploads\/2023\/01\/header-village.jpg\" \/>\n\t<meta property=\"og:image:width\" content=\"1902\" \/>\n\t<meta property=\"og:image:height\" content=\"399\" \/>\n\t<meta property=\"og:image:type\" content=\"image\/jpeg\" \/>\n<meta name=\"twitter:card\" content=\"summary_large_image\" \/>\n<meta name=\"twitter:label1\" content=\"Tempo estimado de leitura\" \/>\n\t<meta name=\"twitter:data1\" content=\"2 minutos\" \/>\n<script type=\"application\/ld+json\" class=\"yoast-schema-graph\">{\"@context\":\"https:\\\/\\\/schema.org\",\"@graph\":[{\"@type\":\"WebPage\",\"@id\":\"https:\\\/\\\/ruralturazores.com\\\/pt-pt\\\/village-tourism\\\/\",\"url\":\"https:\\\/\\\/ruralturazores.com\\\/pt-pt\\\/village-tourism\\\/\",\"name\":\"Village Tourism - Casas Darramada\",\"isPartOf\":{\"@id\":\"https:\\\/\\\/ruralturazores.com\\\/pt-pt\\\/#website\"},\"primaryImageOfPage\":{\"@id\":\"https:\\\/\\\/ruralturazores.com\\\/pt-pt\\\/village-tourism\\\/#primaryimage\"},\"image\":{\"@id\":\"https:\\\/\\\/ruralturazores.com\\\/pt-pt\\\/village-tourism\\\/#primaryimage\"},\"thumbnailUrl\":\"https:\\\/\\\/ruralturazores.com\\\/wp-content\\\/uploads\\\/2023\\\/01\\\/header-village.jpg\",\"datePublished\":\"2023-01-06T13:54:13+00:00\",\"dateModified\":\"2023-03-01T17:23:05+00:00\",\"breadcrumb\":{\"@id\":\"https:\\\/\\\/ruralturazores.com\\\/pt-pt\\\/village-tourism\\\/#breadcrumb\"},\"inLanguage\":\"pt-PT\",\"potentialAction\":[{\"@type\":\"ReadAction\",\"target\":[\"https:\\\/\\\/ruralturazores.com\\\/pt-pt\\\/village-tourism\\\/\"]}]},{\"@type\":\"ImageObject\",\"inLanguage\":\"pt-PT\",\"@id\":\"https:\\\/\\\/ruralturazores.com\\\/pt-pt\\\/village-tourism\\\/#primaryimage\",\"url\":\"https:\\\/\\\/ruralturazores.com\\\/wp-content\\\/uploads\\\/2023\\\/01\\\/header-village.jpg\",\"contentUrl\":\"https:\\\/\\\/ruralturazores.com\\\/wp-content\\\/uploads\\\/2023\\\/01\\\/header-village.jpg\",\"width\":1902,\"height\":399},{\"@type\":\"BreadcrumbList\",\"@id\":\"https:\\\/\\\/ruralturazores.com\\\/pt-pt\\\/village-tourism\\\/#breadcrumb\",\"itemListElement\":[{\"@type\":\"ListItem\",\"position\":1,\"name\":\"Home\",\"item\":\"https:\\\/\\\/ruralturazores.com\\\/pt-pt\\\/\"},{\"@type\":\"ListItem\",\"position\":2,\"name\":\"Village Tourism\"}]},{\"@type\":\"WebSite\",\"@id\":\"https:\\\/\\\/ruralturazores.com\\\/pt-pt\\\/#website\",\"url\":\"https:\\\/\\\/ruralturazores.com\\\/pt-pt\\\/\",\"name\":\"Casas Darramada - Village Tourism\",\"description\":\"Turismo em Espa\u00e7o Rural\",\"publisher\":{\"@id\":\"https:\\\/\\\/ruralturazores.com\\\/pt-pt\\\/#organization\"},\"potentialAction\":[{\"@type\":\"SearchAction\",\"target\":{\"@type\":\"EntryPoint\",\"urlTemplate\":\"https:\\\/\\\/ruralturazores.com\\\/pt-pt\\\/?s={search_term_string}\"},\"query-input\":{\"@type\":\"PropertyValueSpecification\",\"valueRequired\":true,\"valueName\":\"search_term_string\"}}],\"inLanguage\":\"pt-PT\"},{\"@type\":\"Organization\",\"@id\":\"https:\\\/\\\/ruralturazores.com\\\/pt-pt\\\/#organization\",\"name\":\"Casas Darramada - Village Tourism\",\"url\":\"https:\\\/\\\/ruralturazores.com\\\/pt-pt\\\/\",\"logo\":{\"@type\":\"ImageObject\",\"inLanguage\":\"pt-PT\",\"@id\":\"https:\\\/\\\/ruralturazores.com\\\/pt-pt\\\/#\\\/schema\\\/logo\\\/image\\\/\",\"url\":\"https:\\\/\\\/ruralturazores.com\\\/wp-content\\\/uploads\\\/2022\\\/12\\\/cinza-logo.png\",\"contentUrl\":\"https:\\\/\\\/ruralturazores.com\\\/wp-content\\\/uploads\\\/2022\\\/12\\\/cinza-logo.png\",\"width\":135,\"height\":80,\"caption\":\"Casas Darramada - Village Tourism\"},\"image\":{\"@id\":\"https:\\\/\\\/ruralturazores.com\\\/pt-pt\\\/#\\\/schema\\\/logo\\\/image\\\/\"},\"sameAs\":[\"https:\\\/\\\/www.facebook.com\\\/casasdarramada\",\"https:\\\/\\\/www.instagram.com\\\/casasdarramada\\\/\"]}]}<\/script>\n<!-- \/ Yoast SEO plugin. -->","yoast_head_json":{"title":"Village Tourism - Casas Darramada","robots":{"index":"index","follow":"follow","max-snippet":"max-snippet:-1","max-image-preview":"max-image-preview:large","max-video-preview":"max-video-preview:-1"},"canonical":"https:\/\/ruralturazores.com\/pt-pt\/village-tourism\/","og_locale":"pt_PT","og_type":"article","og_title":"Village Tourism - Casas Darramada","og_description":"[vc_row][vc_column][\/vc_column][\/vc_row][vc_row fixed_width=&#8221;true&#8221; css=&#8221;.vc_custom_1627562291998{margin-top: 0px !important;margin-bottom: 0px !important;border-top-width: 0px !important;border-bottom-width: 0px !important;padding-top: 10px !important;padding-bottom: 0px !important;}&#8221;][vc_column css=&#8221;.vc_custom_1627562322556{margin-top: 0px !important;margin-bottom: 0px !important;border-top-width: 0px !important;border-bottom-width: 0px !important;padding-top: 0px !important;padding-bottom: 0px !important;}&#8221;][vc_column_text]As CASAS D\u2019ARRAMADA \u2013 VILLAGE TOURISM s\u00e3o um empreendimento de Turismo em Espa\u00e7o Rural na qualidade de Turismo de Aldeia. Inseridas numa propriedade rural com 10.000m2, ficam situadas","og_url":"https:\/\/ruralturazores.com\/pt-pt\/village-tourism\/","og_site_name":"Casas Darramada","article_publisher":"https:\/\/www.facebook.com\/casasdarramada","article_modified_time":"2023-03-01T17:23:05+00:00","og_image":[{"width":1902,"height":399,"url":"https:\/\/ruralturazores.com\/wp-content\/uploads\/2023\/01\/header-village.jpg","type":"image\/jpeg"}],"twitter_card":"summary_large_image","twitter_misc":{"Tempo estimado de leitura":"2 minutos"},"schema":{"@context":"https:\/\/schema.org","@graph":[{"@type":"WebPage","@id":"https:\/\/ruralturazores.com\/pt-pt\/village-tourism\/","url":"https:\/\/ruralturazores.com\/pt-pt\/village-tourism\/","name":"Village Tourism - Casas Darramada","isPartOf":{"@id":"https:\/\/ruralturazores.com\/pt-pt\/#website"},"primaryImageOfPage":{"@id":"https:\/\/ruralturazores.com\/pt-pt\/village-tourism\/#primaryimage"},"image":{"@id":"https:\/\/ruralturazores.com\/pt-pt\/village-tourism\/#primaryimage"},"thumbnailUrl":"https:\/\/ruralturazores.com\/wp-content\/uploads\/2023\/01\/header-village.jpg","datePublished":"2023-01-06T13:54:13+00:00","dateModified":"2023-03-01T17:23:05+00:00","breadcrumb":{"@id":"https:\/\/ruralturazores.com\/pt-pt\/village-tourism\/#breadcrumb"},"inLanguage":"pt-PT","potentialAction":[{"@type":"ReadAction","target":["https:\/\/ruralturazores.com\/pt-pt\/village-tourism\/"]}]},{"@type":"ImageObject","inLanguage":"pt-PT","@id":"https:\/\/ruralturazores.com\/pt-pt\/village-tourism\/#primaryimage","url":"https:\/\/ruralturazores.com\/wp-content\/uploads\/2023\/01\/header-village.jpg","contentUrl":"https:\/\/ruralturazores.com\/wp-content\/uploads\/2023\/01\/header-village.jpg","width":1902,"height":399},{"@type":"BreadcrumbList","@id":"https:\/\/ruralturazores.com\/pt-pt\/village-tourism\/#breadcrumb","itemListElement":[{"@type":"ListItem","position":1,"name":"Home","item":"https:\/\/ruralturazores.com\/pt-pt\/"},{"@type":"ListItem","position":2,"name":"Village Tourism"}]},{"@type":"WebSite","@id":"https:\/\/ruralturazores.com\/pt-pt\/#website","url":"https:\/\/ruralturazores.com\/pt-pt\/","name":"Casas Darramada - Village Tourism","description":"Turismo em Espa\u00e7o Rural","publisher":{"@id":"https:\/\/ruralturazores.com\/pt-pt\/#organization"},"potentialAction":[{"@type":"SearchAction","target":{"@type":"EntryPoint","urlTemplate":"https:\/\/ruralturazores.com\/pt-pt\/?s={search_term_string}"},"query-input":{"@type":"PropertyValueSpecification","valueRequired":true,"valueName":"search_term_string"}}],"inLanguage":"pt-PT"},{"@type":"Organization","@id":"https:\/\/ruralturazores.com\/pt-pt\/#organization","name":"Casas Darramada - Village Tourism","url":"https:\/\/ruralturazores.com\/pt-pt\/","logo":{"@type":"ImageObject","inLanguage":"pt-PT","@id":"https:\/\/ruralturazores.com\/pt-pt\/#\/schema\/logo\/image\/","url":"https:\/\/ruralturazores.com\/wp-content\/uploads\/2022\/12\/cinza-logo.png","contentUrl":"https:\/\/ruralturazores.com\/wp-content\/uploads\/2022\/12\/cinza-logo.png","width":135,"height":80,"caption":"Casas Darramada - Village Tourism"},"image":{"@id":"https:\/\/ruralturazores.com\/pt-pt\/#\/schema\/logo\/image\/"},"sameAs":["https:\/\/www.facebook.com\/casasdarramada","https:\/\/www.instagram.com\/casasdarramada\/"]}]}},"_links":{"self":[{"href":"https:\/\/ruralturazores.com\/pt-pt\/wp-json\/wp\/v2\/pages\/1427","targetHints":{"allow":["GET"]}}],"collection":[{"href":"https:\/\/ruralturazores.com\/pt-pt\/wp-json\/wp\/v2\/pages"}],"about":[{"href":"https:\/\/ruralturazores.com\/pt-pt\/wp-json\/wp\/v2\/types\/page"}],"author":[{"embeddable":true,"href":"https:\/\/ruralturazores.com\/pt-pt\/wp-json\/wp\/v2\/users\/1"}],"replies":[{"embeddable":true,"href":"https:\/\/ruralturazores.com\/pt-pt\/wp-json\/wp\/v2\/comments?post=1427"}],"version-history":[{"count":4,"href":"https:\/\/ruralturazores.com\/pt-pt\/wp-json\/wp\/v2\/pages\/1427\/revisions"}],"predecessor-version":[{"id":1844,"href":"https:\/\/ruralturazores.com\/pt-pt\/wp-json\/wp\/v2\/pages\/1427\/revisions\/1844"}],"wp:featuredmedia":[{"embeddable":true,"href":"https:\/\/ruralturazores.com\/pt-pt\/wp-json\/wp\/v2\/media\/1289"}],"wp:attachment":[{"href":"https:\/\/ruralturazores.com\/pt-pt\/wp-json\/wp\/v2\/media?parent=1427"}],"curies":[{"name":"wp","href":"https:\/\/api.w.org\/{rel}","templated":true}]}}