{"id":1421,"date":"2022-11-29T19:03:36","date_gmt":"2022-11-29T20:03:36","guid":{"rendered":"https:\/\/ruralturazores.com\/quinta-burros-companhia\/"},"modified":"2023-03-01T17:02:33","modified_gmt":"2023-03-01T18:02:33","slug":"quinta-burros-companhia","status":"publish","type":"page","link":"https:\/\/ruralturazores.com\/pt-pt\/quinta-burros-companhia\/","title":{"rendered":"Quinta- Burros &amp; Companhia"},"content":{"rendered":"<div class=\"wpb-content-wrapper\"><p>[vc_row fixed_width=&#8221;true&#8221; css=&#8221;.vc_custom_1627562291998{margin-top: 0px !important;margin-bottom: 0px !important;border-top-width: 0px !important;border-bottom-width: 0px !important;padding-top: 10px !important;padding-bottom: 0px !important;}&#8221;][vc_column css=&#8221;.vc_custom_1627562322556{margin-top: 0px !important;margin-bottom: 0px !important;border-top-width: 0px !important;border-bottom-width: 0px !important;padding-top: 0px !important;padding-bottom: 0px !important;}&#8221;]<div class=\"sohohotel-fixed-height-text-image-wrapper sohohotel-clearfix\"><div class=\"sohohotel-fixed-height-text-wrapper sohohotel-fixed-height-text-wrapper-left\"><h3 class=\"sohohotel-title-28px sohohotel-clearfix sohohotel-title-left\"><\/h3><\/p>\n<div class=\"halfscreen quintaGrey\">\n<p>A Quinta com uma dimens\u00e3o de cerca de 8000m2, oferece anima\u00e7\u00e3o e intera\u00e7\u00e3o com o meio rural na companhia de seus am\u00e1veis residentes, o Jack e Alex uns burrinhos ternos e pachorrentos e uma capoeira de galinhas.<\/p>\n<\/div>\n<p><\/div><div class=\"sohohotel-fixed-height-image-wrapper sohohotel-fixed-height-image-wrapper-right\"><div class=\"sohohotel-fixed-height-image\" style=\"background-image: url(https:\/\/ruralturazores.com\/wp-content\/uploads\/2023\/01\/20210707-171325-1024x577-1.jpg); background-size: 600px 400px; height: 400px;\"><\/div><\/div><\/div><div class=\"sohohotel-fixed-height-text-image-wrapper sohohotel-clearfix\"><div class=\"sohohotel-fixed-height-text-wrapper sohohotel-fixed-height-text-wrapper-right\"><h3 class=\"sohohotel-title-28px sohohotel-clearfix sohohotel-title-left\"><\/h3><\/p>\n<div class=\"halfscreen padTopRight70\">\n<p>Os burros s\u00e3o animais af\u00e1veis A rela\u00e7\u00e3o criada com estes animais \u00e9 inesquec\u00edvel, seja na intera\u00e7\u00e3o di\u00e1ria, oferecendo-lhes p\u00e3o ou fruta, seja nos passeios pela quinta oferecidos aos mais pequenos.<\/p>\n<\/div>\n<p><\/div><div class=\"sohohotel-fixed-height-image-wrapper sohohotel-fixed-height-image-wrapper-left\"><div class=\"sohohotel-fixed-height-image\" style=\"background-image: url(https:\/\/ruralturazores.com\/wp-content\/uploads\/2023\/01\/20210707-171323-1024x577-1.jpg); background-size: 600px 400px; height: 400px;\"><\/div><\/div><\/div><a href=\"https:\/\/ruralturazores.com\/experiences\/\" class=\"sohohotel-button1\" style=\"background: ;color:;margin: 0 auto 0 auto;\">Explorar mais experi\u00eancias \u00fanicas ?<\/a><div class=\"sohohotel-clearboth\"><\/div>[\/vc_column][\/vc_row][vc_row][vc_column][vc_empty_space height=&#8221;20px&#8221;][vc_wp_text]<div id=\"jig1\" class=\"justified-image-grid jig-3aa618271d945120d1d61774285fe8e4 jig-preset-4 jig-source-wp-gallery jig-id-1894\"><div class=\"jig-clearfix\"><\/div><noscript id=\"jig1-html\" class=\"justified-image-grid-html\" data-lazy-src=\"skiplazyload\" data-src=\"skipunveillazyload\"><ul><li><a href=\"https:\/\/ruralturazores.com\/wp-content\/uploads\/2023\/01\/20210707-171323-1024x577-1.jpg\"><img decoding=\"async\" src=\"https:\/\/ruralturazores.com\/wp-content\/plugins\/justified-image-grid\/timthumb.php?src=https%3A%2F%2Fruralturazores.com%2Fwp-content%2Fuploads%2F2023%2F01%2F20210707-171323-1024x577-1.jpg&amp;h=305&amp;q=90&amp;f=.jpg\" alt=\"\" width=\"541\" height=\"305\" \/><\/a><\/li><li><a href=\"https:\/\/ruralturazores.com\/wp-content\/uploads\/2023\/01\/20210707-171325-1024x577-1.jpg\"><img decoding=\"async\" src=\"https:\/\/ruralturazores.com\/wp-content\/plugins\/justified-image-grid\/timthumb.php?src=https%3A%2F%2Fruralturazores.com%2Fwp-content%2Fuploads%2F2023%2F01%2F20210707-171325-1024x577-1.jpg&amp;h=305&amp;q=90&amp;f=.jpg\" alt=\"\" width=\"541\" height=\"305\" \/><\/a><\/li><li><a href=\"https:\/\/ruralturazores.com\/wp-content\/uploads\/2023\/01\/20210707-171222-1024x577-1.jpg\"><img decoding=\"async\" src=\"https:\/\/ruralturazores.com\/wp-content\/plugins\/justified-image-grid\/timthumb.php?src=https%3A%2F%2Fruralturazores.com%2Fwp-content%2Fuploads%2F2023%2F01%2F20210707-171222-1024x577-1.jpg&amp;h=305&amp;q=90&amp;f=.jpg\" alt=\"\" width=\"541\" height=\"305\" \/><\/a><\/li><li><a href=\"https:\/\/ruralturazores.com\/wp-content\/uploads\/2023\/01\/big01429545405-1024x683-1.jpeg\"><img decoding=\"async\" src=\"https:\/\/ruralturazores.com\/wp-content\/plugins\/justified-image-grid\/timthumb.php?src=https%3A%2F%2Fruralturazores.com%2Fwp-content%2Fuploads%2F2023%2F01%2Fbig01429545405-1024x683-1.jpeg&amp;h=305&amp;q=90&amp;f=.jpeg\" alt=\"\" width=\"457\" height=\"305\" \/><\/a><\/li><li><a href=\"https:\/\/ruralturazores.com\/wp-content\/uploads\/2023\/01\/donkeyfarm-1-1024x510-1.png\"><img decoding=\"async\" src=\"https:\/\/ruralturazores.com\/wp-content\/plugins\/justified-image-grid\/timthumb.php?src=https%3A%2F%2Fruralturazores.com%2Fwp-content%2Fuploads%2F2023%2F01%2Fdonkeyfarm-1-1024x510-1.png&amp;h=305&amp;q=90&amp;f=.png\" alt=\"\" width=\"612\" height=\"305\" \/><\/a><\/li><li><a href=\"https:\/\/ruralturazores.com\/wp-content\/uploads\/2023\/01\/galinhas2-1024x682-1.jpg\"><img decoding=\"async\" src=\"https:\/\/ruralturazores.com\/wp-content\/plugins\/justified-image-grid\/timthumb.php?src=https%3A%2F%2Fruralturazores.com%2Fwp-content%2Fuploads%2F2023%2F01%2Fgalinhas2-1024x682-1.jpg&amp;h=305&amp;q=90&amp;f=.jpg\" alt=\"\" width=\"457\" height=\"305\" \/><\/a><\/li><\/ul><\/noscript><\/div>[\/vc_wp_text][vc_empty_space height=&#8221;30px&#8221;][\/vc_column][\/vc_row]<\/p>\n<\/div>","protected":false},"excerpt":{"rendered":"<p>[vc_row fixed_width=&#8221;true&#8221; css=&#8221;.vc_custom_1627562291998{margin-top: 0px !important;margin-bottom: 0px !important;border-top-width: 0px !important;border-bottom-width: 0px !important;padding-top: 10px !important;padding-bottom: 0px !important;}&#8221;][vc_column css=&#8221;.vc_custom_1627562322556{margin-top: 0px !important;margin-bottom: 0px !important;border-top-width: 0px !important;border-bottom-width: 0px !important;padding-top: 0px !important;padding-bottom: 0px !important;}&#8221;][\/vc_column][\/vc_row][vc_row][vc_column][vc_empty_space height=&#8221;20px&#8221;][vc_wp_text][\/vc_wp_text][vc_empty_space height=&#8221;30px&#8221;][\/vc_column][\/vc_row]<\/p>\n<a href=\"https:\/\/ruralturazores.com\/pt-pt\/quinta-burros-companhia\/\" class=\"sohohotel-more-link\">Read More<\/a>","protected":false},"author":1,"featured_media":1284,"parent":0,"menu_order":0,"comment_status":"closed","ping_status":"closed","template":"","meta":{"footnotes":""},"class_list":["post-1421","page","type-page","status-publish","has-post-thumbnail","hentry"],"yoast_head":"<!-- This site is optimized with the Yoast SEO plugin v27.5 - https:\/\/yoast.com\/product\/yoast-seo-wordpress\/ -->\n<title>Quinta- Burros &amp; Companhia - Casas Darramada<\/title>\n<meta name=\"robots\" content=\"index, follow, max-snippet:-1, max-image-preview:large, max-video-preview:-1\" \/>\n<link rel=\"canonical\" href=\"https:\/\/ruralturazores.com\/pt-pt\/quinta-burros-companhia\/\" \/>\n<meta property=\"og:locale\" content=\"pt_PT\" \/>\n<meta property=\"og:type\" content=\"article\" \/>\n<meta property=\"og:title\" content=\"Quinta- Burros &amp; Companhia - Casas Darramada\" \/>\n<meta property=\"og:description\" content=\"[vc_row fixed_width=&#8221;true&#8221; css=&#8221;.vc_custom_1627562291998{margin-top: 0px !important;margin-bottom: 0px !important;border-top-width: 0px !important;border-bottom-width: 0px !important;padding-top: 10px !important;padding-bottom: 0px !important;}&#8221;][vc_column css=&#8221;.vc_custom_1627562322556{margin-top: 0px !important;margin-bottom: 0px !important;border-top-width: 0px !important;border-bottom-width: 0px !important;padding-top: 0px !important;padding-bottom: 0px !important;}&#8221;][\/vc_column][\/vc_row][vc_row][vc_column][vc_empty_space height=&#8221;20px&#8221;][vc_wp_text][\/vc_wp_text][vc_empty_space height=&#8221;30px&#8221;][\/vc_column][\/vc_row]\" \/>\n<meta property=\"og:url\" content=\"https:\/\/ruralturazores.com\/pt-pt\/quinta-burros-companhia\/\" \/>\n<meta property=\"og:site_name\" content=\"Casas Darramada\" \/>\n<meta property=\"article:publisher\" content=\"https:\/\/www.facebook.com\/casasdarramada\" \/>\n<meta property=\"article:modified_time\" content=\"2023-03-01T18:02:33+00:00\" \/>\n<meta property=\"og:image\" content=\"https:\/\/ruralturazores.com\/wp-content\/uploads\/2023\/01\/topo-farm.jpg\" \/>\n\t<meta property=\"og:image:width\" content=\"1902\" \/>\n\t<meta property=\"og:image:height\" content=\"399\" \/>\n\t<meta property=\"og:image:type\" content=\"image\/jpeg\" \/>\n<meta name=\"twitter:card\" content=\"summary_large_image\" \/>\n<meta name=\"twitter:label1\" content=\"Tempo estimado de leitura\" \/>\n\t<meta name=\"twitter:data1\" content=\"1 minuto\" \/>\n<script type=\"application\/ld+json\" class=\"yoast-schema-graph\">{\"@context\":\"https:\\\/\\\/schema.org\",\"@graph\":[{\"@type\":\"WebPage\",\"@id\":\"https:\\\/\\\/ruralturazores.com\\\/pt-pt\\\/quinta-burros-companhia\\\/\",\"url\":\"https:\\\/\\\/ruralturazores.com\\\/pt-pt\\\/quinta-burros-companhia\\\/\",\"name\":\"Quinta- Burros &amp; Companhia - Casas Darramada\",\"isPartOf\":{\"@id\":\"https:\\\/\\\/ruralturazores.com\\\/pt-pt\\\/#website\"},\"primaryImageOfPage\":{\"@id\":\"https:\\\/\\\/ruralturazores.com\\\/pt-pt\\\/quinta-burros-companhia\\\/#primaryimage\"},\"image\":{\"@id\":\"https:\\\/\\\/ruralturazores.com\\\/pt-pt\\\/quinta-burros-companhia\\\/#primaryimage\"},\"thumbnailUrl\":\"https:\\\/\\\/ruralturazores.com\\\/wp-content\\\/uploads\\\/2023\\\/01\\\/topo-farm.jpg\",\"datePublished\":\"2022-11-29T20:03:36+00:00\",\"dateModified\":\"2023-03-01T18:02:33+00:00\",\"breadcrumb\":{\"@id\":\"https:\\\/\\\/ruralturazores.com\\\/pt-pt\\\/quinta-burros-companhia\\\/#breadcrumb\"},\"inLanguage\":\"pt-PT\",\"potentialAction\":[{\"@type\":\"ReadAction\",\"target\":[\"https:\\\/\\\/ruralturazores.com\\\/pt-pt\\\/quinta-burros-companhia\\\/\"]}]},{\"@type\":\"ImageObject\",\"inLanguage\":\"pt-PT\",\"@id\":\"https:\\\/\\\/ruralturazores.com\\\/pt-pt\\\/quinta-burros-companhia\\\/#primaryimage\",\"url\":\"https:\\\/\\\/ruralturazores.com\\\/wp-content\\\/uploads\\\/2023\\\/01\\\/topo-farm.jpg\",\"contentUrl\":\"https:\\\/\\\/ruralturazores.com\\\/wp-content\\\/uploads\\\/2023\\\/01\\\/topo-farm.jpg\",\"width\":1902,\"height\":399},{\"@type\":\"BreadcrumbList\",\"@id\":\"https:\\\/\\\/ruralturazores.com\\\/pt-pt\\\/quinta-burros-companhia\\\/#breadcrumb\",\"itemListElement\":[{\"@type\":\"ListItem\",\"position\":1,\"name\":\"Home\",\"item\":\"https:\\\/\\\/ruralturazores.com\\\/pt-pt\\\/\"},{\"@type\":\"ListItem\",\"position\":2,\"name\":\"Quinta- Burros &amp; Companhia\"}]},{\"@type\":\"WebSite\",\"@id\":\"https:\\\/\\\/ruralturazores.com\\\/pt-pt\\\/#website\",\"url\":\"https:\\\/\\\/ruralturazores.com\\\/pt-pt\\\/\",\"name\":\"Casas Darramada - Village Tourism\",\"description\":\"Turismo em Espa\u00e7o Rural\",\"publisher\":{\"@id\":\"https:\\\/\\\/ruralturazores.com\\\/pt-pt\\\/#organization\"},\"potentialAction\":[{\"@type\":\"SearchAction\",\"target\":{\"@type\":\"EntryPoint\",\"urlTemplate\":\"https:\\\/\\\/ruralturazores.com\\\/pt-pt\\\/?s={search_term_string}\"},\"query-input\":{\"@type\":\"PropertyValueSpecification\",\"valueRequired\":true,\"valueName\":\"search_term_string\"}}],\"inLanguage\":\"pt-PT\"},{\"@type\":\"Organization\",\"@id\":\"https:\\\/\\\/ruralturazores.com\\\/pt-pt\\\/#organization\",\"name\":\"Casas Darramada - Village Tourism\",\"url\":\"https:\\\/\\\/ruralturazores.com\\\/pt-pt\\\/\",\"logo\":{\"@type\":\"ImageObject\",\"inLanguage\":\"pt-PT\",\"@id\":\"https:\\\/\\\/ruralturazores.com\\\/pt-pt\\\/#\\\/schema\\\/logo\\\/image\\\/\",\"url\":\"https:\\\/\\\/ruralturazores.com\\\/wp-content\\\/uploads\\\/2022\\\/12\\\/cinza-logo.png\",\"contentUrl\":\"https:\\\/\\\/ruralturazores.com\\\/wp-content\\\/uploads\\\/2022\\\/12\\\/cinza-logo.png\",\"width\":135,\"height\":80,\"caption\":\"Casas Darramada - Village Tourism\"},\"image\":{\"@id\":\"https:\\\/\\\/ruralturazores.com\\\/pt-pt\\\/#\\\/schema\\\/logo\\\/image\\\/\"},\"sameAs\":[\"https:\\\/\\\/www.facebook.com\\\/casasdarramada\",\"https:\\\/\\\/www.instagram.com\\\/casasdarramada\\\/\"]}]}<\/script>\n<!-- \/ Yoast SEO plugin. -->","yoast_head_json":{"title":"Quinta- Burros &amp; Companhia - Casas Darramada","robots":{"index":"index","follow":"follow","max-snippet":"max-snippet:-1","max-image-preview":"max-image-preview:large","max-video-preview":"max-video-preview:-1"},"canonical":"https:\/\/ruralturazores.com\/pt-pt\/quinta-burros-companhia\/","og_locale":"pt_PT","og_type":"article","og_title":"Quinta- Burros &amp; Companhia - Casas Darramada","og_description":"[vc_row fixed_width=&#8221;true&#8221; css=&#8221;.vc_custom_1627562291998{margin-top: 0px !important;margin-bottom: 0px !important;border-top-width: 0px !important;border-bottom-width: 0px !important;padding-top: 10px !important;padding-bottom: 0px !important;}&#8221;][vc_column css=&#8221;.vc_custom_1627562322556{margin-top: 0px !important;margin-bottom: 0px !important;border-top-width: 0px !important;border-bottom-width: 0px !important;padding-top: 0px !important;padding-bottom: 0px !important;}&#8221;][\/vc_column][\/vc_row][vc_row][vc_column][vc_empty_space height=&#8221;20px&#8221;][vc_wp_text][\/vc_wp_text][vc_empty_space height=&#8221;30px&#8221;][\/vc_column][\/vc_row]","og_url":"https:\/\/ruralturazores.com\/pt-pt\/quinta-burros-companhia\/","og_site_name":"Casas Darramada","article_publisher":"https:\/\/www.facebook.com\/casasdarramada","article_modified_time":"2023-03-01T18:02:33+00:00","og_image":[{"width":1902,"height":399,"url":"https:\/\/ruralturazores.com\/wp-content\/uploads\/2023\/01\/topo-farm.jpg","type":"image\/jpeg"}],"twitter_card":"summary_large_image","twitter_misc":{"Tempo estimado de leitura":"1 minuto"},"schema":{"@context":"https:\/\/schema.org","@graph":[{"@type":"WebPage","@id":"https:\/\/ruralturazores.com\/pt-pt\/quinta-burros-companhia\/","url":"https:\/\/ruralturazores.com\/pt-pt\/quinta-burros-companhia\/","name":"Quinta- Burros &amp; Companhia - Casas Darramada","isPartOf":{"@id":"https:\/\/ruralturazores.com\/pt-pt\/#website"},"primaryImageOfPage":{"@id":"https:\/\/ruralturazores.com\/pt-pt\/quinta-burros-companhia\/#primaryimage"},"image":{"@id":"https:\/\/ruralturazores.com\/pt-pt\/quinta-burros-companhia\/#primaryimage"},"thumbnailUrl":"https:\/\/ruralturazores.com\/wp-content\/uploads\/2023\/01\/topo-farm.jpg","datePublished":"2022-11-29T20:03:36+00:00","dateModified":"2023-03-01T18:02:33+00:00","breadcrumb":{"@id":"https:\/\/ruralturazores.com\/pt-pt\/quinta-burros-companhia\/#breadcrumb"},"inLanguage":"pt-PT","potentialAction":[{"@type":"ReadAction","target":["https:\/\/ruralturazores.com\/pt-pt\/quinta-burros-companhia\/"]}]},{"@type":"ImageObject","inLanguage":"pt-PT","@id":"https:\/\/ruralturazores.com\/pt-pt\/quinta-burros-companhia\/#primaryimage","url":"https:\/\/ruralturazores.com\/wp-content\/uploads\/2023\/01\/topo-farm.jpg","contentUrl":"https:\/\/ruralturazores.com\/wp-content\/uploads\/2023\/01\/topo-farm.jpg","width":1902,"height":399},{"@type":"BreadcrumbList","@id":"https:\/\/ruralturazores.com\/pt-pt\/quinta-burros-companhia\/#breadcrumb","itemListElement":[{"@type":"ListItem","position":1,"name":"Home","item":"https:\/\/ruralturazores.com\/pt-pt\/"},{"@type":"ListItem","position":2,"name":"Quinta- Burros &amp; Companhia"}]},{"@type":"WebSite","@id":"https:\/\/ruralturazores.com\/pt-pt\/#website","url":"https:\/\/ruralturazores.com\/pt-pt\/","name":"Casas Darramada - Village Tourism","description":"Turismo em Espa\u00e7o Rural","publisher":{"@id":"https:\/\/ruralturazores.com\/pt-pt\/#organization"},"potentialAction":[{"@type":"SearchAction","target":{"@type":"EntryPoint","urlTemplate":"https:\/\/ruralturazores.com\/pt-pt\/?s={search_term_string}"},"query-input":{"@type":"PropertyValueSpecification","valueRequired":true,"valueName":"search_term_string"}}],"inLanguage":"pt-PT"},{"@type":"Organization","@id":"https:\/\/ruralturazores.com\/pt-pt\/#organization","name":"Casas Darramada - Village Tourism","url":"https:\/\/ruralturazores.com\/pt-pt\/","logo":{"@type":"ImageObject","inLanguage":"pt-PT","@id":"https:\/\/ruralturazores.com\/pt-pt\/#\/schema\/logo\/image\/","url":"https:\/\/ruralturazores.com\/wp-content\/uploads\/2022\/12\/cinza-logo.png","contentUrl":"https:\/\/ruralturazores.com\/wp-content\/uploads\/2022\/12\/cinza-logo.png","width":135,"height":80,"caption":"Casas Darramada - Village Tourism"},"image":{"@id":"https:\/\/ruralturazores.com\/pt-pt\/#\/schema\/logo\/image\/"},"sameAs":["https:\/\/www.facebook.com\/casasdarramada","https:\/\/www.instagram.com\/casasdarramada\/"]}]}},"_links":{"self":[{"href":"https:\/\/ruralturazores.com\/pt-pt\/wp-json\/wp\/v2\/pages\/1421","targetHints":{"allow":["GET"]}}],"collection":[{"href":"https:\/\/ruralturazores.com\/pt-pt\/wp-json\/wp\/v2\/pages"}],"about":[{"href":"https:\/\/ruralturazores.com\/pt-pt\/wp-json\/wp\/v2\/types\/page"}],"author":[{"embeddable":true,"href":"https:\/\/ruralturazores.com\/pt-pt\/wp-json\/wp\/v2\/users\/1"}],"replies":[{"embeddable":true,"href":"https:\/\/ruralturazores.com\/pt-pt\/wp-json\/wp\/v2\/comments?post=1421"}],"version-history":[{"count":3,"href":"https:\/\/ruralturazores.com\/pt-pt\/wp-json\/wp\/v2\/pages\/1421\/revisions"}],"predecessor-version":[{"id":1898,"href":"https:\/\/ruralturazores.com\/pt-pt\/wp-json\/wp\/v2\/pages\/1421\/revisions\/1898"}],"wp:featuredmedia":[{"embeddable":true,"href":"https:\/\/ruralturazores.com\/pt-pt\/wp-json\/wp\/v2\/media\/1284"}],"wp:attachment":[{"href":"https:\/\/ruralturazores.com\/pt-pt\/wp-json\/wp\/v2\/media?parent=1421"}],"curies":[{"name":"wp","href":"https:\/\/api.w.org\/{rel}","templated":true}]}}