{"id":1393,"date":"2022-11-29T19:03:36","date_gmt":"2022-11-29T20:03:36","guid":{"rendered":"https:\/\/ruralturazores.com\/entre-em-contacto\/"},"modified":"2025-05-21T17:38:18","modified_gmt":"2025-05-21T17:38:18","slug":"entre-em-contacto","status":"publish","type":"page","link":"https:\/\/ruralturazores.com\/pt-pt\/entre-em-contacto\/","title":{"rendered":"Entre em contacto"},"content":{"rendered":"<div class=\"wpb-content-wrapper\"><p>[vc_row][vc_column][vc_empty_space height=&#8221;20px&#8221;][\/vc_column][\/vc_row][vc_row fixed_width=&#8221;true&#8221;][vc_column width=&#8221;1\/2&#8243;]\n<div class=\"wpcf7 no-js\" id=\"wpcf7-f1928-o1\" lang=\"pt-PT\" dir=\"ltr\" data-wpcf7-id=\"1928\">\n<div class=\"screen-reader-response\"><p role=\"status\" aria-live=\"polite\" aria-atomic=\"true\"><\/p> <ul><\/ul><\/div>\n<form action=\"\/pt-pt\/wp-json\/wp\/v2\/pages\/1393#wpcf7-f1928-o1\" method=\"post\" class=\"wpcf7-form init\" aria-label=\"Formul\u00e1rio de contacto\" novalidate=\"novalidate\" data-status=\"init\">\n<fieldset class=\"hidden-fields-container\"><input type=\"hidden\" name=\"_wpcf7\" value=\"1928\" \/><input type=\"hidden\" name=\"_wpcf7_version\" value=\"6.1.5\" \/><input type=\"hidden\" name=\"_wpcf7_locale\" value=\"pt_PT\" \/><input type=\"hidden\" name=\"_wpcf7_unit_tag\" value=\"wpcf7-f1928-o1\" \/><input type=\"hidden\" name=\"_wpcf7_container_post\" value=\"0\" \/><input type=\"hidden\" name=\"_wpcf7_posted_data_hash\" value=\"\" \/><input type=\"hidden\" name=\"_wpcf7_recaptcha_response\" value=\"\" \/>\n<\/fieldset>\n<p><label> O Seu nome<br \/>\n<span class=\"wpcf7-form-control-wrap\" data-name=\"your-name\"><input size=\"40\" maxlength=\"400\" class=\"wpcf7-form-control wpcf7-text wpcf7-validates-as-required\" aria-required=\"true\" aria-invalid=\"false\" value=\"\" type=\"text\" name=\"your-name\" \/><\/span> <\/label>\n<\/p>\n<p><label> O Seu email<br \/>\n<span class=\"wpcf7-form-control-wrap\" data-name=\"your-email\"><input size=\"40\" maxlength=\"400\" class=\"wpcf7-form-control wpcf7-email wpcf7-validates-as-required wpcf7-text wpcf7-validates-as-email\" aria-required=\"true\" aria-invalid=\"false\" value=\"\" type=\"email\" name=\"your-email\" \/><\/span> <\/label>\n<\/p>\n<p><label> Assunto<br \/>\n<span class=\"wpcf7-form-control-wrap\" data-name=\"your-subject\"><input size=\"40\" maxlength=\"400\" class=\"wpcf7-form-control wpcf7-text wpcf7-validates-as-required\" aria-required=\"true\" aria-invalid=\"false\" value=\"\" type=\"text\" name=\"your-subject\" \/><\/span> <\/label>\n<\/p>\n<p><label> A Sua mensagem (opcional)<br \/>\n<span class=\"wpcf7-form-control-wrap\" data-name=\"your-message\"><textarea cols=\"40\" rows=\"10\" maxlength=\"2000\" class=\"wpcf7-form-control wpcf7-textarea\" aria-invalid=\"false\" name=\"your-message\"><\/textarea><\/span> <\/label>\n<\/p>\n<p><input class=\"wpcf7-form-control wpcf7-submit has-spinner\" type=\"submit\" value=\"Submit\" \/>\n<\/p><p style=\"display: none !important;\" class=\"akismet-fields-container\" data-prefix=\"_wpcf7_ak_\"><label>&#916;<textarea name=\"_wpcf7_ak_hp_textarea\" cols=\"45\" rows=\"8\" maxlength=\"100\"><\/textarea><\/label><input type=\"hidden\" id=\"ak_js_1\" name=\"_wpcf7_ak_js\" value=\"169\"\/><script>\ndocument.getElementById( \"ak_js_1\" ).setAttribute( \"value\", ( new Date() ).getTime() );\n<\/script>\n<\/p><div class=\"wpcf7-response-output\" aria-hidden=\"true\"><\/div>\n<\/form>\n<\/div>\n<h3 class=\"sohohotel-title-20px sohohotel-clearfix sohohotel-title-left\">Follow Us<\/h3><div class=\"sohohotel-social-links sohohotel-clearfix\"><a href=\"https:\/\/www.facebook.com\/casasdarramada\" target=\"_blank\"><i class=\"fab fa-facebook-f\"><\/i><\/a><a href=\"https:\/\/www.instagram.com\/casasdarramada\/\" target=\"_blank\"><i class=\"fab fa-instagram\"><\/i><\/a><a href=\"https:\/\/www.tripadvisor.pt\/Hotel_Review-g20976738-d2645556-Reviews-Casas_D_Arramada-Ribeira_Funda_Horta_Faial_Island_Azores.html\" target=\"_blank\"><i class=\"fab fa-tripadvisor\"><\/i><\/a><\/div>[vc_empty_space height=&#8221;70px&#8221;][\/vc_column][vc_column width=&#8221;1\/2&#8243;][vc_column_text]<\/p>\n<h4 style=\"text-align: center;\">COMO CHEGAR &#8211; ROTA DIRETA<\/h4>\n<p>[\/vc_column_text]<h3 class=\"sohohotel-title-20px sohohotel-clearfix sohohotel-title-left\">Direction: Airport \u2013 Casas D\u2019Arramada:<\/h3>[vc_column_text]20 minutos a conduzir \u00c0 sa\u00edda do aeroporto, vire \u00e0 esquerda, mantenha-se na estrada principal e depois das freguesias de Castelo Branco, Capelo e Praia do Norte, encontrar\u00e1 uma placa azul com \u201cCASAS D&#8217;ARRAMADA\u201d, continue em frente durante 2km, e encontrar\u00e1 uma nova placa a indicar virar \u00e0 direita num caminho secund\u00e1rio, a 100m encontram-se as CASAS.[\/vc_column_text][vc_empty_space height=&#8221;35px&#8221;]<h3 class=\"sohohotel-title-20px sohohotel-clearfix sohohotel-title-left\">Direction: Maritime Station \u2013 Casas D\u2019Arramada:<\/h3>[vc_column_text]30 minutos de carro, ao sair da esta\u00e7\u00e3o mar\u00edtima, vire \u00e0 direita na estrada principal, mantenha-se na estrada principal passe as freguesias de Pedro Miguel, Sal\u00e3o e Cedros, encontrar\u00e1 uma placa azul \u201cCASAS D&#8217;ARRAMADA\u201d continue por 2 km e encontrar\u00e1 um novo sinal azul \u201cCASAS D&#8217;ARRAMADA\u201d vire \u00e0 esquerda e a 100 metros est\u00e3o as CASAS.[\/vc_column_text]<h3 class=\"sohohotel-title-20px sohohotel-clearfix sohohotel-title-left\">Casas D\u2019Arramada:<\/h3><ul class=\"sohohotel-contact-details-list\"><li class=\"sohohotel-address clearfix\">Ribeira Funda, 9900-347 Cedros, Horta \u2013 A\u00e7ores \u2013 Portugal<\/li><li class=\"sohohotel-email clearfix\"><a href=\"mailto:reservas@ruralturazores.com\">reservas@ruralturazores.com<\/a><\/li><\/ul>[\/vc_column][\/vc_row][vc_row css=&#8221;.vc_custom_1625655823267{margin-top: 0px !important;margin-right: 0px !important;margin-bottom: 0px !important;margin-left: 0px !important;border-top-width: 0px !important;border-right-width: 0px !important;border-bottom-width: 0px !important;border-left-width: 0px !important;padding-top: 0px !important;padding-right: 0px !important;padding-bottom: 0px !important;padding-left: 0px !important;}&#8221;][vc_column css=&#8221;.vc_custom_1625655832067{margin-top: 0px !important;margin-right: 0px !important;margin-bottom: 0px !important;margin-left: 0px !important;border-top-width: 0px !important;border-right-width: 0px !important;border-bottom-width: 0px !important;border-left-width: 0px !important;padding-top: 0px !important;padding-right: 0px !important;padding-bottom: 0px !important;padding-left: 0px !important;}&#8221;][sbs_wpb_openstreetmap map_style=&#8221;OpenStreetMap.DE&#8221; external_link_openstreetmap=&#8221;&#8221; map_height=&#8221;30&#8243; zoom=&#8221;14&#8243; ctrl_mouse_zoom=&#8221;&#8221; latitude=&#8221;38.61732559&#8243; longitude=&#8221;-28.72890428&#8243;][sbs_wpb_marker marker_source=&#8221;coordinates&#8221; marker_color=&#8221;green&#8221; marker_latitude=&#8221;38.61732559&#8243; marker_longitude=&#8221;-28.72890428&#8243; marker_icon=&#8221;sbs-map-icon sbs-map-local-hotel&#8221;]Casas Darramada[\/sbs_wpb_marker][\/sbs_wpb_openstreetmap][\/vc_column][\/vc_row]<\/p>\n<\/div>","protected":false},"excerpt":{"rendered":"<p>[vc_row][vc_column][vc_empty_space height=&#8221;20px&#8221;][\/vc_column][\/vc_row][vc_row fixed_width=&#8221;true&#8221;][vc_column width=&#8221;1\/2&#8243;][vc_empty_space height=&#8221;70px&#8221;][\/vc_column][vc_column width=&#8221;1\/2&#8243;][vc_column_text] COMO CHEGAR &#8211; ROTA DIRETA [\/vc_column_text][vc_column_text]20 minutos a conduzir \u00c0 sa\u00edda do aeroporto, vire \u00e0 esquerda, mantenha-se na estrada principal e depois das freguesias de Castelo Branco, Capelo e Praia do Norte, encontrar\u00e1 uma placa azul com \u201cCASAS D&#8217;ARRAMADA\u201d, continue em frente durante 2km, e encontrar\u00e1 uma nova placa<\/p>\n<a href=\"https:\/\/ruralturazores.com\/pt-pt\/entre-em-contacto\/\" class=\"sohohotel-more-link\">Read More<\/a>","protected":false},"author":1,"featured_media":1285,"parent":0,"menu_order":0,"comment_status":"closed","ping_status":"closed","template":"","meta":{"footnotes":""},"class_list":["post-1393","page","type-page","status-publish","has-post-thumbnail","hentry"],"yoast_head":"<!-- This site is optimized with the Yoast SEO plugin v27.5 - https:\/\/yoast.com\/product\/yoast-seo-wordpress\/ -->\n<title>Entre em contacto - Casas Darramada<\/title>\n<meta name=\"robots\" content=\"index, follow, max-snippet:-1, max-image-preview:large, max-video-preview:-1\" \/>\n<link rel=\"canonical\" href=\"https:\/\/ruralturazores.com\/pt-pt\/entre-em-contacto\/\" \/>\n<meta property=\"og:locale\" content=\"pt_PT\" \/>\n<meta property=\"og:type\" content=\"article\" \/>\n<meta property=\"og:title\" content=\"Entre em contacto - Casas Darramada\" \/>\n<meta property=\"og:description\" content=\"[vc_row][vc_column][vc_empty_space height=&#8221;20px&#8221;][\/vc_column][\/vc_row][vc_row fixed_width=&#8221;true&#8221;][vc_column width=&#8221;1\/2&#8243;][vc_empty_space height=&#8221;70px&#8221;][\/vc_column][vc_column width=&#8221;1\/2&#8243;][vc_column_text] COMO CHEGAR &#8211; ROTA DIRETA [\/vc_column_text][vc_column_text]20 minutos a conduzir \u00c0 sa\u00edda do aeroporto, vire \u00e0 esquerda, mantenha-se na estrada principal e depois das freguesias de Castelo Branco, Capelo e Praia do Norte, encontrar\u00e1 uma placa azul com \u201cCASAS D&#8217;ARRAMADA\u201d, continue em frente durante 2km, e encontrar\u00e1 uma nova placa\" \/>\n<meta property=\"og:url\" content=\"https:\/\/ruralturazores.com\/pt-pt\/entre-em-contacto\/\" \/>\n<meta property=\"og:site_name\" content=\"Casas Darramada\" \/>\n<meta property=\"article:publisher\" content=\"https:\/\/www.facebook.com\/casasdarramada\" \/>\n<meta property=\"article:modified_time\" content=\"2025-05-21T17:38:18+00:00\" \/>\n<meta property=\"og:image\" content=\"https:\/\/ruralturazores.com\/wp-content\/uploads\/2023\/01\/header-contatos.jpg\" \/>\n\t<meta property=\"og:image:width\" content=\"1902\" \/>\n\t<meta property=\"og:image:height\" content=\"399\" \/>\n\t<meta property=\"og:image:type\" content=\"image\/jpeg\" \/>\n<meta name=\"twitter:card\" content=\"summary_large_image\" \/>\n<meta name=\"twitter:label1\" content=\"Tempo estimado de leitura\" \/>\n\t<meta name=\"twitter:data1\" content=\"2 minutos\" \/>\n<script type=\"application\/ld+json\" class=\"yoast-schema-graph\">{\"@context\":\"https:\\\/\\\/schema.org\",\"@graph\":[{\"@type\":\"WebPage\",\"@id\":\"https:\\\/\\\/ruralturazores.com\\\/pt-pt\\\/entre-em-contacto\\\/\",\"url\":\"https:\\\/\\\/ruralturazores.com\\\/pt-pt\\\/entre-em-contacto\\\/\",\"name\":\"Entre em contacto - Casas Darramada\",\"isPartOf\":{\"@id\":\"https:\\\/\\\/ruralturazores.com\\\/pt-pt\\\/#website\"},\"primaryImageOfPage\":{\"@id\":\"https:\\\/\\\/ruralturazores.com\\\/pt-pt\\\/entre-em-contacto\\\/#primaryimage\"},\"image\":{\"@id\":\"https:\\\/\\\/ruralturazores.com\\\/pt-pt\\\/entre-em-contacto\\\/#primaryimage\"},\"thumbnailUrl\":\"https:\\\/\\\/ruralturazores.com\\\/wp-content\\\/uploads\\\/2023\\\/01\\\/header-contatos.jpg\",\"datePublished\":\"2022-11-29T20:03:36+00:00\",\"dateModified\":\"2025-05-21T17:38:18+00:00\",\"breadcrumb\":{\"@id\":\"https:\\\/\\\/ruralturazores.com\\\/pt-pt\\\/entre-em-contacto\\\/#breadcrumb\"},\"inLanguage\":\"pt-PT\",\"potentialAction\":[{\"@type\":\"ReadAction\",\"target\":[\"https:\\\/\\\/ruralturazores.com\\\/pt-pt\\\/entre-em-contacto\\\/\"]}]},{\"@type\":\"ImageObject\",\"inLanguage\":\"pt-PT\",\"@id\":\"https:\\\/\\\/ruralturazores.com\\\/pt-pt\\\/entre-em-contacto\\\/#primaryimage\",\"url\":\"https:\\\/\\\/ruralturazores.com\\\/wp-content\\\/uploads\\\/2023\\\/01\\\/header-contatos.jpg\",\"contentUrl\":\"https:\\\/\\\/ruralturazores.com\\\/wp-content\\\/uploads\\\/2023\\\/01\\\/header-contatos.jpg\",\"width\":1902,\"height\":399},{\"@type\":\"BreadcrumbList\",\"@id\":\"https:\\\/\\\/ruralturazores.com\\\/pt-pt\\\/entre-em-contacto\\\/#breadcrumb\",\"itemListElement\":[{\"@type\":\"ListItem\",\"position\":1,\"name\":\"Home\",\"item\":\"https:\\\/\\\/ruralturazores.com\\\/pt-pt\\\/\"},{\"@type\":\"ListItem\",\"position\":2,\"name\":\"Entre em contacto\"}]},{\"@type\":\"WebSite\",\"@id\":\"https:\\\/\\\/ruralturazores.com\\\/pt-pt\\\/#website\",\"url\":\"https:\\\/\\\/ruralturazores.com\\\/pt-pt\\\/\",\"name\":\"Casas Darramada - Village Tourism\",\"description\":\"Turismo em Espa\u00e7o Rural\",\"publisher\":{\"@id\":\"https:\\\/\\\/ruralturazores.com\\\/pt-pt\\\/#organization\"},\"potentialAction\":[{\"@type\":\"SearchAction\",\"target\":{\"@type\":\"EntryPoint\",\"urlTemplate\":\"https:\\\/\\\/ruralturazores.com\\\/pt-pt\\\/?s={search_term_string}\"},\"query-input\":{\"@type\":\"PropertyValueSpecification\",\"valueRequired\":true,\"valueName\":\"search_term_string\"}}],\"inLanguage\":\"pt-PT\"},{\"@type\":\"Organization\",\"@id\":\"https:\\\/\\\/ruralturazores.com\\\/pt-pt\\\/#organization\",\"name\":\"Casas Darramada - Village Tourism\",\"url\":\"https:\\\/\\\/ruralturazores.com\\\/pt-pt\\\/\",\"logo\":{\"@type\":\"ImageObject\",\"inLanguage\":\"pt-PT\",\"@id\":\"https:\\\/\\\/ruralturazores.com\\\/pt-pt\\\/#\\\/schema\\\/logo\\\/image\\\/\",\"url\":\"https:\\\/\\\/ruralturazores.com\\\/wp-content\\\/uploads\\\/2022\\\/12\\\/cinza-logo.png\",\"contentUrl\":\"https:\\\/\\\/ruralturazores.com\\\/wp-content\\\/uploads\\\/2022\\\/12\\\/cinza-logo.png\",\"width\":135,\"height\":80,\"caption\":\"Casas Darramada - Village Tourism\"},\"image\":{\"@id\":\"https:\\\/\\\/ruralturazores.com\\\/pt-pt\\\/#\\\/schema\\\/logo\\\/image\\\/\"},\"sameAs\":[\"https:\\\/\\\/www.facebook.com\\\/casasdarramada\",\"https:\\\/\\\/www.instagram.com\\\/casasdarramada\\\/\"]}]}<\/script>\n<!-- \/ Yoast SEO plugin. -->","yoast_head_json":{"title":"Entre em contacto - Casas Darramada","robots":{"index":"index","follow":"follow","max-snippet":"max-snippet:-1","max-image-preview":"max-image-preview:large","max-video-preview":"max-video-preview:-1"},"canonical":"https:\/\/ruralturazores.com\/pt-pt\/entre-em-contacto\/","og_locale":"pt_PT","og_type":"article","og_title":"Entre em contacto - Casas Darramada","og_description":"[vc_row][vc_column][vc_empty_space height=&#8221;20px&#8221;][\/vc_column][\/vc_row][vc_row fixed_width=&#8221;true&#8221;][vc_column width=&#8221;1\/2&#8243;][vc_empty_space height=&#8221;70px&#8221;][\/vc_column][vc_column width=&#8221;1\/2&#8243;][vc_column_text] COMO CHEGAR &#8211; ROTA DIRETA [\/vc_column_text][vc_column_text]20 minutos a conduzir \u00c0 sa\u00edda do aeroporto, vire \u00e0 esquerda, mantenha-se na estrada principal e depois das freguesias de Castelo Branco, Capelo e Praia do Norte, encontrar\u00e1 uma placa azul com \u201cCASAS D&#8217;ARRAMADA\u201d, continue em frente durante 2km, e encontrar\u00e1 uma nova placa","og_url":"https:\/\/ruralturazores.com\/pt-pt\/entre-em-contacto\/","og_site_name":"Casas Darramada","article_publisher":"https:\/\/www.facebook.com\/casasdarramada","article_modified_time":"2025-05-21T17:38:18+00:00","og_image":[{"width":1902,"height":399,"url":"https:\/\/ruralturazores.com\/wp-content\/uploads\/2023\/01\/header-contatos.jpg","type":"image\/jpeg"}],"twitter_card":"summary_large_image","twitter_misc":{"Tempo estimado de leitura":"2 minutos"},"schema":{"@context":"https:\/\/schema.org","@graph":[{"@type":"WebPage","@id":"https:\/\/ruralturazores.com\/pt-pt\/entre-em-contacto\/","url":"https:\/\/ruralturazores.com\/pt-pt\/entre-em-contacto\/","name":"Entre em contacto - Casas Darramada","isPartOf":{"@id":"https:\/\/ruralturazores.com\/pt-pt\/#website"},"primaryImageOfPage":{"@id":"https:\/\/ruralturazores.com\/pt-pt\/entre-em-contacto\/#primaryimage"},"image":{"@id":"https:\/\/ruralturazores.com\/pt-pt\/entre-em-contacto\/#primaryimage"},"thumbnailUrl":"https:\/\/ruralturazores.com\/wp-content\/uploads\/2023\/01\/header-contatos.jpg","datePublished":"2022-11-29T20:03:36+00:00","dateModified":"2025-05-21T17:38:18+00:00","breadcrumb":{"@id":"https:\/\/ruralturazores.com\/pt-pt\/entre-em-contacto\/#breadcrumb"},"inLanguage":"pt-PT","potentialAction":[{"@type":"ReadAction","target":["https:\/\/ruralturazores.com\/pt-pt\/entre-em-contacto\/"]}]},{"@type":"ImageObject","inLanguage":"pt-PT","@id":"https:\/\/ruralturazores.com\/pt-pt\/entre-em-contacto\/#primaryimage","url":"https:\/\/ruralturazores.com\/wp-content\/uploads\/2023\/01\/header-contatos.jpg","contentUrl":"https:\/\/ruralturazores.com\/wp-content\/uploads\/2023\/01\/header-contatos.jpg","width":1902,"height":399},{"@type":"BreadcrumbList","@id":"https:\/\/ruralturazores.com\/pt-pt\/entre-em-contacto\/#breadcrumb","itemListElement":[{"@type":"ListItem","position":1,"name":"Home","item":"https:\/\/ruralturazores.com\/pt-pt\/"},{"@type":"ListItem","position":2,"name":"Entre em contacto"}]},{"@type":"WebSite","@id":"https:\/\/ruralturazores.com\/pt-pt\/#website","url":"https:\/\/ruralturazores.com\/pt-pt\/","name":"Casas Darramada - Village Tourism","description":"Turismo em Espa\u00e7o Rural","publisher":{"@id":"https:\/\/ruralturazores.com\/pt-pt\/#organization"},"potentialAction":[{"@type":"SearchAction","target":{"@type":"EntryPoint","urlTemplate":"https:\/\/ruralturazores.com\/pt-pt\/?s={search_term_string}"},"query-input":{"@type":"PropertyValueSpecification","valueRequired":true,"valueName":"search_term_string"}}],"inLanguage":"pt-PT"},{"@type":"Organization","@id":"https:\/\/ruralturazores.com\/pt-pt\/#organization","name":"Casas Darramada - Village Tourism","url":"https:\/\/ruralturazores.com\/pt-pt\/","logo":{"@type":"ImageObject","inLanguage":"pt-PT","@id":"https:\/\/ruralturazores.com\/pt-pt\/#\/schema\/logo\/image\/","url":"https:\/\/ruralturazores.com\/wp-content\/uploads\/2022\/12\/cinza-logo.png","contentUrl":"https:\/\/ruralturazores.com\/wp-content\/uploads\/2022\/12\/cinza-logo.png","width":135,"height":80,"caption":"Casas Darramada - Village Tourism"},"image":{"@id":"https:\/\/ruralturazores.com\/pt-pt\/#\/schema\/logo\/image\/"},"sameAs":["https:\/\/www.facebook.com\/casasdarramada","https:\/\/www.instagram.com\/casasdarramada\/"]}]}},"_links":{"self":[{"href":"https:\/\/ruralturazores.com\/pt-pt\/wp-json\/wp\/v2\/pages\/1393","targetHints":{"allow":["GET"]}}],"collection":[{"href":"https:\/\/ruralturazores.com\/pt-pt\/wp-json\/wp\/v2\/pages"}],"about":[{"href":"https:\/\/ruralturazores.com\/pt-pt\/wp-json\/wp\/v2\/types\/page"}],"author":[{"embeddable":true,"href":"https:\/\/ruralturazores.com\/pt-pt\/wp-json\/wp\/v2\/users\/1"}],"replies":[{"embeddable":true,"href":"https:\/\/ruralturazores.com\/pt-pt\/wp-json\/wp\/v2\/comments?post=1393"}],"version-history":[{"count":21,"href":"https:\/\/ruralturazores.com\/pt-pt\/wp-json\/wp\/v2\/pages\/1393\/revisions"}],"predecessor-version":[{"id":2371,"href":"https:\/\/ruralturazores.com\/pt-pt\/wp-json\/wp\/v2\/pages\/1393\/revisions\/2371"}],"wp:featuredmedia":[{"embeddable":true,"href":"https:\/\/ruralturazores.com\/pt-pt\/wp-json\/wp\/v2\/media\/1285"}],"wp:attachment":[{"href":"https:\/\/ruralturazores.com\/pt-pt\/wp-json\/wp\/v2\/media?parent=1393"}],"curies":[{"name":"wp","href":"https:\/\/api.w.org\/{rel}","templated":true}]}}